{"id":1161,"date":"2023-09-28T14:23:22","date_gmt":"2023-09-28T14:23:22","guid":{"rendered":"https:\/\/www.skynet-technology.it\/?page_id=1161"},"modified":"2025-11-17T09:41:18","modified_gmt":"2025-11-17T09:41:18","slug":"modelo-organizativo","status":"publish","type":"page","link":"https:\/\/www.skynet-technology.it\/es\/modelo-organizativo\/","title":{"rendered":"Modelo organizativo"},"content":{"rendered":"\t\t<div data-elementor-type=\"wp-page\" data-elementor-id=\"1161\" class=\"elementor elementor-1161 elementor-1159\">\n\t\t\t\t\t\t<div class=\"elementor-inner\">\n\t\t\t\t<div class=\"elementor-section-wrap\">\n\t\t\t\t\t\t\t\t\t<section class=\"elementor-section elementor-top-section elementor-element elementor-element-9bd770c elementor-section-stretched elementor-section-boxed elementor-section-height-default elementor-section-height-default\" data-id=\"9bd770c\" data-element_type=\"section\" data-settings=\"{&quot;stretch_section&quot;:&quot;section-stretched&quot;}\">\n\t\t\t\t\t\t<div class=\"elementor-container elementor-column-gap-default\">\n\t\t\t\t\t\t\t<div class=\"elementor-row\">\n\t\t\t\t\t<div class=\"elementor-column elementor-col-100 elementor-top-column elementor-element elementor-element-a754787\" data-id=\"a754787\" data-element_type=\"column\">\n\t\t\t<div class=\"elementor-column-wrap\">\n\t\t\t\t\t\t\t<div class=\"elementor-widget-wrap\">\n\t\t\t\t\t\t\t\t<\/div>\n\t\t\t\t\t<\/div>\n\t\t<\/div>\n\t\t\t\t\t\t\t\t<\/div>\n\t\t\t\t\t<\/div>\n\t\t<\/section>\n\t\t\t\t<section class=\"elementor-section elementor-top-section elementor-element elementor-element-944434c elementor-section-stretched elementor-section-height-min-height elementor-section-items-bottom elementor-section-boxed elementor-section-height-default\" data-id=\"944434c\" data-element_type=\"section\" data-settings=\"{&quot;stretch_section&quot;:&quot;section-stretched&quot;,&quot;background_background&quot;:&quot;classic&quot;,&quot;background_motion_fx_motion_fx_scrolling&quot;:&quot;yes&quot;,&quot;background_motion_fx_devices&quot;:[&quot;desktop&quot;,&quot;tablet&quot;,&quot;mobile&quot;]}\">\n\t\t\t\t\t\t\t<div class=\"elementor-background-overlay\"><\/div>\n\t\t\t\t\t\t\t<div class=\"elementor-container elementor-column-gap-default\">\n\t\t\t\t\t\t\t<div class=\"elementor-row\">\n\t\t\t\t\t<div class=\"elementor-column elementor-col-100 elementor-top-column elementor-element elementor-element-c6124ce\" data-id=\"c6124ce\" data-element_type=\"column\">\n\t\t\t<div class=\"elementor-column-wrap elementor-element-populated\">\n\t\t\t\t\t\t\t<div class=\"elementor-widget-wrap\">\n\t\t\t\t\t\t<div class=\"elementor-element elementor-element-bb8f196 elementor-widget elementor-widget-heading\" data-id=\"bb8f196\" data-element_type=\"widget\" data-widget_type=\"heading.default\">\n\t\t\t\t<div class=\"elementor-widget-container\">\n\t\t\t<h1 class=\"elementor-heading-title elementor-size-default\">Modelo organizativo<\/h1>\t\t<\/div>\n\t\t\t\t<\/div>\n\t\t\t\t<div class=\"elementor-element elementor-element-9c6ad79 elementor-align-left elementor-widget elementor-widget-breadcrumbs\" data-id=\"9c6ad79\" data-element_type=\"widget\" data-widget_type=\"breadcrumbs.default\">\n\t\t\t\t<div class=\"elementor-widget-container\">\n\t\t\t<p id=\"breadcrumbs\"><span><span><a href=\"https:\/\/www.skynet-technology.it\/es\/\">Skynet Technology<\/a><\/span><\/span><\/p>\t\t<\/div>\n\t\t\t\t<\/div>\n\t\t\t\t\t\t<\/div>\n\t\t\t\t\t<\/div>\n\t\t<\/div>\n\t\t\t\t\t\t\t\t<\/div>\n\t\t\t\t\t<\/div>\n\t\t<\/section>\n\t\t\t\t<section class=\"elementor-section elementor-top-section elementor-element elementor-element-241102f elementor-section-stretched elementor-section-boxed elementor-section-height-default elementor-section-height-default\" data-id=\"241102f\" data-element_type=\"section\" data-settings=\"{&quot;stretch_section&quot;:&quot;section-stretched&quot;}\">\n\t\t\t\t\t\t<div class=\"elementor-container elementor-column-gap-default\">\n\t\t\t\t\t\t\t<div class=\"elementor-row\">\n\t\t\t\t\t<div class=\"elementor-column elementor-col-100 elementor-top-column elementor-element elementor-element-8fa73b8\" data-id=\"8fa73b8\" data-element_type=\"column\">\n\t\t\t<div class=\"elementor-column-wrap elementor-element-populated\">\n\t\t\t\t\t\t\t<div class=\"elementor-widget-wrap\">\n\t\t\t\t\t\t<section class=\"elementor-section elementor-inner-section elementor-element elementor-element-c873e08 elementor-section-boxed elementor-section-height-default elementor-section-height-default\" data-id=\"c873e08\" data-element_type=\"section\">\n\t\t\t\t\t\t<div class=\"elementor-container elementor-column-gap-default\">\n\t\t\t\t\t\t\t<div class=\"elementor-row\">\n\t\t\t\t\t<div class=\"elementor-column elementor-col-50 elementor-inner-column elementor-element elementor-element-a060901\" data-id=\"a060901\" data-element_type=\"column\">\n\t\t\t<div class=\"elementor-column-wrap elementor-element-populated\">\n\t\t\t\t\t\t\t<div class=\"elementor-widget-wrap\">\n\t\t\t\t\t\t<div class=\"elementor-element elementor-element-932895f elementor-widget elementor-widget-heading\" data-id=\"932895f\" data-element_type=\"widget\" data-widget_type=\"heading.default\">\n\t\t\t\t<div class=\"elementor-widget-container\">\n\t\t\t<h3 class=\"elementor-heading-title elementor-size-default\">Modelo organizativo<\/h3>\t\t<\/div>\n\t\t\t\t<\/div>\n\t\t\t\t<div class=\"elementor-element elementor-element-98dd735 elementor-widget elementor-widget-text-editor\" data-id=\"98dd735\" data-element_type=\"widget\" data-widget_type=\"text-editor.default\">\n\t\t\t\t<div class=\"elementor-widget-container\">\n\t\t\t\t\t\t\t\t<div class=\"elementor-text-editor elementor-clearfix\">\n\t\t\t\t<a style=\"text-decoration: underline;\" href=\"https:\/\/www.skynet-technology.it\/wp-content\/uploads\/2024\/12\/A0010-Modello-231-sintesi-v.1.0.pdf\" target=\"_blank\" rel=\"noopener\">A0010 \u2013 Modelo 231 \u2013 S\u00edntesis<\/a>\t\t\t\t\t<\/div>\n\t\t\t\t\t\t<\/div>\n\t\t\t\t<\/div>\n\t\t\t\t\t\t<\/div>\n\t\t\t\t\t<\/div>\n\t\t<\/div>\n\t\t\t\t<div class=\"elementor-column elementor-col-50 elementor-inner-column elementor-element elementor-element-0b312c0\" data-id=\"0b312c0\" data-element_type=\"column\">\n\t\t\t<div class=\"elementor-column-wrap elementor-element-populated\">\n\t\t\t\t\t\t\t<div class=\"elementor-widget-wrap\">\n\t\t\t\t\t\t<div class=\"elementor-element elementor-element-6b18fbf elementor-widget elementor-widget-heading\" data-id=\"6b18fbf\" data-element_type=\"widget\" data-widget_type=\"heading.default\">\n\t\t\t\t<div class=\"elementor-widget-container\">\n\t\t\t<h3 class=\"elementor-heading-title elementor-size-default\">C\u00f3digo \u00e9tico<\/h3>\t\t<\/div>\n\t\t\t\t<\/div>\n\t\t\t\t<div class=\"elementor-element elementor-element-fd62e53 elementor-widget elementor-widget-text-editor\" data-id=\"fd62e53\" data-element_type=\"widget\" data-widget_type=\"text-editor.default\">\n\t\t\t\t<div class=\"elementor-widget-container\">\n\t\t\t\t\t\t\t\t<div class=\"elementor-text-editor elementor-clearfix\">\n\t\t\t\t<a style=\"text-decoration: underline;\" href=\"https:\/\/www.skynet-technology.it\/wp-content\/uploads\/2024\/12\/A0008-Codice-Etico-v.1.0.pdf\" target=\"_blank\" rel=\"noopener\">A0008 \u2013 C\u00f3digo \u00e9tico<\/a>\t\t\t\t\t<\/div>\n\t\t\t\t\t\t<\/div>\n\t\t\t\t<\/div>\n\t\t\t\t\t\t<\/div>\n\t\t\t\t\t<\/div>\n\t\t<\/div>\n\t\t\t\t\t\t\t\t<\/div>\n\t\t\t\t\t<\/div>\n\t\t<\/section>\n\t\t\t\t<div class=\"elementor-element elementor-element-6052fce elementor-widget elementor-widget-heading\" data-id=\"6052fce\" data-element_type=\"widget\" data-widget_type=\"heading.default\">\n\t\t\t\t<div class=\"elementor-widget-container\">\n\t\t\t<h3 class=\"elementor-heading-title elementor-size-default\">Denuncia de irregularidades<\/h3>\t\t<\/div>\n\t\t\t\t<\/div>\n\t\t\t\t<div class=\"elementor-element elementor-element-47e7b77 elementor-widget elementor-widget-text-editor\" data-id=\"47e7b77\" data-element_type=\"widget\" data-widget_type=\"text-editor.default\">\n\t\t\t\t<div class=\"elementor-widget-container\">\n\t\t\t\t\t\t\t\t<div class=\"elementor-text-editor elementor-clearfix\">\n\t\t\t\t<div class=\"elementor-element elementor-element-ece1553 elementor-widget elementor-widget-text-editor\" data-id=\"ece1553\" data-element_type=\"widget\" data-widget_type=\"text-editor.default\">\n<div class=\"elementor-widget-container\">\n<div class=\"elementor-text-editor elementor-clearfix\">\n<p>Skynet Technology ha implementado un sistema interno de denuncias en conformidad con el Decreto Legislativo N.\u00ba 231\/2001 y el Decreto Legislativo N.\u00ba 24 de 10 de marzo de 2023, que implementa la Directiva de la UE 2019\/1937 sobre la protecci\u00f3n de las personas que denuncian infracciones del derecho de la Uni\u00f3n.<\/p>\n<p>En particular, de acuerdo con lo previsto en el Decreto, los informes pueden ser presentados por los empleados de Skynet Technology y las personas que, de diversas maneras, tienen relaciones con la Empresa (incluyendo, por ejemplo, consultores, proveedores de bienes y servicios, agentes, contratistas, socios comerciales, accionistas, pasantes, voluntarios):<\/p>\n<ul>\n<li>Infracciones del derecho de la Uni\u00f3n Europea;<\/li>\n<li>Infracciones administrativas, contables, civiles o penales;<\/li>\n<li>Conductas il\u00edcitas relevantes seg\u00fan el Decreto Legislativo N.\u00ba 231\/2001 o violaciones (incluso presuntas) del Modelo de Organizaci\u00f3n, Gesti\u00f3n y Control de Skynet Technology;<\/li>\n<li>Infracciones del C\u00f3digo \u00c9tico y de Conducta;<\/li>\n<li>Infracciones, ya sean presuntas o confirmadas, de los procedimientos de Skynet Technology o, en cualquier caso, del sistema normativo interno;<\/li>\n<li>Infracciones en materia de Environmental, Social &amp; Governance.<\/li>\n<\/ul>\n<p>Los informes se pueden presentar a trav\u00e9s de una plataforma dedicada, accesible en el siguiente enlace <a href=\"https:\/\/whistleblowing.xcall.it\" target=\"_blank\" rel=\"noopener\">whistleblowing.xcall.it<\/a>, que garantiza la confidencialidad de la identidad del denunciante y de la informaci\u00f3n contenida en el informe mediante sistemas de cifrado.<\/p>\n<\/div>\n<\/div>\n<\/div>\n\t\t\t\t\t<\/div>\n\t\t\t\t\t\t<\/div>\n\t\t\t\t<\/div>\n\t\t\t\t<div class=\"elementor-element elementor-element-fee5681 elementor-widget__width-auto elementor-widget elementor-widget-text-editor\" data-id=\"fee5681\" data-element_type=\"widget\" data-widget_type=\"text-editor.default\">\n\t\t\t\t<div class=\"elementor-widget-container\">\n\t\t\t\t\t\t\t\t<div class=\"elementor-text-editor elementor-clearfix\">\n\t\t\t\t<a style=\"text-decoration: underline;\" href=\"https:\/\/www.skynet-technology.it\/wp-content\/uploads\/2025\/10\/I0035-Informativa-Whistleblowing64.pdf\" target=\"_blank\" rel=\"noopener\">I0035 &#8211; Informaci\u00f3n sobre el Whistleblowing<\/a>\t\t\t\t\t<\/div>\n\t\t\t\t\t\t<\/div>\n\t\t\t\t<\/div>\n\t\t\t\t<div class=\"elementor-element elementor-element-ad6fcb0 elementor-widget__width-auto elementor-widget elementor-widget-text-editor\" data-id=\"ad6fcb0\" data-element_type=\"widget\" data-widget_type=\"text-editor.default\">\n\t\t\t\t<div class=\"elementor-widget-container\">\n\t\t\t\t\t\t\t\t<div class=\"elementor-text-editor elementor-clearfix\">\n\t\t\t\t<p><a style=\"text-decoration: underline;\" href=\"https:\/\/www.skynet-technology.it\/wp-content\/uploads\/2025\/11\/P0078-procedura-whistleblowing.pdf\" target=\"_blank\" rel=\"noopener\">P0078 &#8211; Procedimiento de Whistleblowing<\/a><\/p>\t\t\t\t\t<\/div>\n\t\t\t\t\t\t<\/div>\n\t\t\t\t<\/div>\n\t\t\t\t<div class=\"elementor-element elementor-element-4bebaec elementor-widget__width-inherit elementor-widget elementor-widget-text-editor\" data-id=\"4bebaec\" data-element_type=\"widget\" data-widget_type=\"text-editor.default\">\n\t\t\t\t<div class=\"elementor-widget-container\">\n\t\t\t\t\t\t\t\t<div class=\"elementor-text-editor elementor-clearfix\">\n\t\t\t\t<a style=\"text-decoration: underline;\" href=\"https:\/\/www.skynet-technology.it\/wp-content\/uploads\/2025\/11\/I0036-Politica-Parita-di-Genere.pdf\" target=\"_blank\" rel=\"noopener\">I0036 &#8211; Pol\u00edtica de Igualdad de G\u00e9nero<\/a>\t\t\t\t\t<\/div>\n\t\t\t\t\t\t<\/div>\n\t\t\t\t<\/div>\n\t\t\t\t\t\t<\/div>\n\t\t\t\t\t<\/div>\n\t\t<\/div>\n\t\t\t\t\t\t\t\t<\/div>\n\t\t\t\t\t<\/div>\n\t\t<\/section>\n\t\t\t\t\t\t\t\t\t<\/div>\n\t\t\t<\/div>\n\t\t\t\t\t<\/div>\n\t\t","protected":false},"excerpt":{"rendered":"<p>Modelo organizativo Modelo organizativo A0010 \u2013 Modelo 231 \u2013 S\u00edntesis C\u00f3digo \u00e9tico A0008 \u2013 C\u00f3digo \u00e9tico Denuncia de irregularidades Skynet Technology ha implementado un sistema interno de denuncias en conformidad con el Decreto Legislativo N.\u00ba 231\/2001 y el Decreto Legislativo N.\u00ba 24 de 10 de marzo de 2023, que implementa la Directiva de la UE &#8230; <a title=\"Modelo organizativo\" class=\"read-more\" href=\"https:\/\/www.skynet-technology.it\/es\/modelo-organizativo\/\">Read more<span class=\"screen-reader-text\">Modelo organizativo<\/span><\/a><\/p>\n","protected":false},"author":1,"featured_media":0,"parent":0,"menu_order":0,"comment_status":"closed","ping_status":"closed","template":"","meta":[],"yoast_head":"<!-- This site is optimized with the Yoast SEO plugin v21.1 - https:\/\/yoast.com\/wordpress\/plugins\/seo\/ -->\n<title>Modelo organizativo - Skynet Technology<\/title>\n<meta name=\"robots\" content=\"index, follow, max-snippet:-1, max-image-preview:large, max-video-preview:-1\" \/>\n<link rel=\"canonical\" href=\"https:\/\/www.skynet-technology.it\/es\/modelo-organizativo\/\" \/>\n<meta property=\"og:locale\" content=\"es_ES\" \/>\n<meta property=\"og:type\" content=\"article\" \/>\n<meta property=\"og:title\" content=\"Modelo organizativo - Skynet Technology\" \/>\n<meta property=\"og:description\" content=\"Modelo organizativo Modelo organizativo A0010 \u2013 Modelo 231 \u2013 S\u00edntesis C\u00f3digo \u00e9tico A0008 \u2013 C\u00f3digo \u00e9tico Denuncia de irregularidades Skynet Technology ha implementado un sistema interno de denuncias en conformidad con el Decreto Legislativo N.\u00ba 231\/2001 y el Decreto Legislativo N.\u00ba 24 de 10 de marzo de 2023, que implementa la Directiva de la UE ... Read moreModelo organizativo\" \/>\n<meta property=\"og:url\" content=\"https:\/\/www.skynet-technology.it\/es\/modelo-organizativo\/\" \/>\n<meta property=\"og:site_name\" content=\"Skynet Technology\" \/>\n<meta property=\"article:modified_time\" content=\"2025-11-17T09:41:18+00:00\" \/>\n<meta name=\"twitter:card\" content=\"summary_large_image\" \/>\n<meta name=\"twitter:label1\" content=\"Tiempo de lectura\" \/>\n\t<meta name=\"twitter:data1\" content=\"3 minutos\" \/>\n<script type=\"application\/ld+json\" class=\"yoast-schema-graph\">{\"@context\":\"https:\/\/schema.org\",\"@graph\":[{\"@type\":\"WebPage\",\"@id\":\"https:\/\/www.skynet-technology.it\/es\/modelo-organizativo\/\",\"url\":\"https:\/\/www.skynet-technology.it\/es\/modelo-organizativo\/\",\"name\":\"Modelo organizativo - Skynet Technology\",\"isPartOf\":{\"@id\":\"https:\/\/www.skynet-technology.it\/es\/#website\"},\"datePublished\":\"2023-09-28T14:23:22+00:00\",\"dateModified\":\"2025-11-17T09:41:18+00:00\",\"breadcrumb\":{\"@id\":\"https:\/\/www.skynet-technology.it\/es\/modelo-organizativo\/#breadcrumb\"},\"inLanguage\":\"es\",\"potentialAction\":[{\"@type\":\"ReadAction\",\"target\":[\"https:\/\/www.skynet-technology.it\/es\/modelo-organizativo\/\"]}]},{\"@type\":\"BreadcrumbList\",\"@id\":\"https:\/\/www.skynet-technology.it\/es\/modelo-organizativo\/#breadcrumb\",\"itemListElement\":[{\"@type\":\"ListItem\",\"position\":1,\"name\":\"Skynet Technology\",\"item\":\"https:\/\/www.skynet-technology.it\/es\/\"},{\"@type\":\"ListItem\",\"position\":2,\"name\":\"Modelo organizativo\"}]},{\"@type\":\"WebSite\",\"@id\":\"https:\/\/www.skynet-technology.it\/es\/#website\",\"url\":\"https:\/\/www.skynet-technology.it\/es\/\",\"name\":\"Skynet Technology\",\"description\":\"Servizi di supporto per le aziende Retail nel mondo Fashion &amp; Luxury\",\"publisher\":{\"@id\":\"https:\/\/www.skynet-technology.it\/es\/#organization\"},\"potentialAction\":[{\"@type\":\"SearchAction\",\"target\":{\"@type\":\"EntryPoint\",\"urlTemplate\":\"https:\/\/www.skynet-technology.it\/es\/?s={search_term_string}\"},\"query-input\":\"required name=search_term_string\"}],\"inLanguage\":\"es\"},{\"@type\":\"Organization\",\"@id\":\"https:\/\/www.skynet-technology.it\/es\/#organization\",\"name\":\"Skynet Technology\",\"url\":\"https:\/\/www.skynet-technology.it\/es\/\",\"logo\":{\"@type\":\"ImageObject\",\"inLanguage\":\"es\",\"@id\":\"https:\/\/www.skynet-technology.it\/es\/#\/schema\/logo\/image\/\",\"url\":\"https:\/\/www.skynet-technology.it\/wp-content\/uploads\/2019\/11\/logo_skynet.svg\",\"contentUrl\":\"https:\/\/www.skynet-technology.it\/wp-content\/uploads\/2019\/11\/logo_skynet.svg\",\"caption\":\"Skynet Technology\"},\"image\":{\"@id\":\"https:\/\/www.skynet-technology.it\/es\/#\/schema\/logo\/image\/\"}}]}<\/script>\n<!-- \/ Yoast SEO plugin. -->","yoast_head_json":{"title":"Modelo organizativo - Skynet Technology","robots":{"index":"index","follow":"follow","max-snippet":"max-snippet:-1","max-image-preview":"max-image-preview:large","max-video-preview":"max-video-preview:-1"},"canonical":"https:\/\/www.skynet-technology.it\/es\/modelo-organizativo\/","og_locale":"es_ES","og_type":"article","og_title":"Modelo organizativo - Skynet Technology","og_description":"Modelo organizativo Modelo organizativo A0010 \u2013 Modelo 231 \u2013 S\u00edntesis C\u00f3digo \u00e9tico A0008 \u2013 C\u00f3digo \u00e9tico Denuncia de irregularidades Skynet Technology ha implementado un sistema interno de denuncias en conformidad con el Decreto Legislativo N.\u00ba 231\/2001 y el Decreto Legislativo N.\u00ba 24 de 10 de marzo de 2023, que implementa la Directiva de la UE ... Read moreModelo organizativo","og_url":"https:\/\/www.skynet-technology.it\/es\/modelo-organizativo\/","og_site_name":"Skynet Technology","article_modified_time":"2025-11-17T09:41:18+00:00","twitter_card":"summary_large_image","twitter_misc":{"Tiempo de lectura":"3 minutos"},"schema":{"@context":"https:\/\/schema.org","@graph":[{"@type":"WebPage","@id":"https:\/\/www.skynet-technology.it\/es\/modelo-organizativo\/","url":"https:\/\/www.skynet-technology.it\/es\/modelo-organizativo\/","name":"Modelo organizativo - Skynet Technology","isPartOf":{"@id":"https:\/\/www.skynet-technology.it\/es\/#website"},"datePublished":"2023-09-28T14:23:22+00:00","dateModified":"2025-11-17T09:41:18+00:00","breadcrumb":{"@id":"https:\/\/www.skynet-technology.it\/es\/modelo-organizativo\/#breadcrumb"},"inLanguage":"es","potentialAction":[{"@type":"ReadAction","target":["https:\/\/www.skynet-technology.it\/es\/modelo-organizativo\/"]}]},{"@type":"BreadcrumbList","@id":"https:\/\/www.skynet-technology.it\/es\/modelo-organizativo\/#breadcrumb","itemListElement":[{"@type":"ListItem","position":1,"name":"Skynet Technology","item":"https:\/\/www.skynet-technology.it\/es\/"},{"@type":"ListItem","position":2,"name":"Modelo organizativo"}]},{"@type":"WebSite","@id":"https:\/\/www.skynet-technology.it\/es\/#website","url":"https:\/\/www.skynet-technology.it\/es\/","name":"Skynet Technology","description":"Servizi di supporto per le aziende Retail nel mondo Fashion &amp; Luxury","publisher":{"@id":"https:\/\/www.skynet-technology.it\/es\/#organization"},"potentialAction":[{"@type":"SearchAction","target":{"@type":"EntryPoint","urlTemplate":"https:\/\/www.skynet-technology.it\/es\/?s={search_term_string}"},"query-input":"required name=search_term_string"}],"inLanguage":"es"},{"@type":"Organization","@id":"https:\/\/www.skynet-technology.it\/es\/#organization","name":"Skynet Technology","url":"https:\/\/www.skynet-technology.it\/es\/","logo":{"@type":"ImageObject","inLanguage":"es","@id":"https:\/\/www.skynet-technology.it\/es\/#\/schema\/logo\/image\/","url":"https:\/\/www.skynet-technology.it\/wp-content\/uploads\/2019\/11\/logo_skynet.svg","contentUrl":"https:\/\/www.skynet-technology.it\/wp-content\/uploads\/2019\/11\/logo_skynet.svg","caption":"Skynet Technology"},"image":{"@id":"https:\/\/www.skynet-technology.it\/es\/#\/schema\/logo\/image\/"}}]}},"_links":{"self":[{"href":"https:\/\/www.skynet-technology.it\/es\/wp-json\/wp\/v2\/pages\/1161"}],"collection":[{"href":"https:\/\/www.skynet-technology.it\/es\/wp-json\/wp\/v2\/pages"}],"about":[{"href":"https:\/\/www.skynet-technology.it\/es\/wp-json\/wp\/v2\/types\/page"}],"author":[{"embeddable":true,"href":"https:\/\/www.skynet-technology.it\/es\/wp-json\/wp\/v2\/users\/1"}],"replies":[{"embeddable":true,"href":"https:\/\/www.skynet-technology.it\/es\/wp-json\/wp\/v2\/comments?post=1161"}],"version-history":[{"count":24,"href":"https:\/\/www.skynet-technology.it\/es\/wp-json\/wp\/v2\/pages\/1161\/revisions"}],"predecessor-version":[{"id":2083,"href":"https:\/\/www.skynet-technology.it\/es\/wp-json\/wp\/v2\/pages\/1161\/revisions\/2083"}],"wp:attachment":[{"href":"https:\/\/www.skynet-technology.it\/es\/wp-json\/wp\/v2\/media?parent=1161"}],"curies":[{"name":"wp","href":"https:\/\/api.w.org\/{rel}","templated":true}]}}