{"id":1931,"date":"2025-08-04T10:28:21","date_gmt":"2025-08-04T10:28:21","guid":{"rendered":"https:\/\/www.skynet-technology.it\/declaracion-de-accesibilidad\/"},"modified":"2025-08-04T10:41:26","modified_gmt":"2025-08-04T10:41:26","slug":"declaracion-de-accesibilidad","status":"publish","type":"page","link":"https:\/\/www.skynet-technology.it\/es\/declaracion-de-accesibilidad\/","title":{"rendered":"Declaraci\u00f3n de accesibilidad"},"content":{"rendered":"\t\t<div data-elementor-type=\"wp-page\" data-elementor-id=\"1931\" class=\"elementor elementor-1931 elementor-1916\">\n\t\t\t\t\t\t<div class=\"elementor-inner\">\n\t\t\t\t<div class=\"elementor-section-wrap\">\n\t\t\t\t\t\t\t\t\t<section class=\"elementor-section elementor-top-section elementor-element elementor-element-008f3e3 elementor-section-boxed elementor-section-height-default elementor-section-height-default\" data-id=\"008f3e3\" data-element_type=\"section\">\n\t\t\t\t\t\t<div class=\"elementor-container elementor-column-gap-default\">\n\t\t\t\t\t\t\t<div class=\"elementor-row\">\n\t\t\t\t\t<div class=\"elementor-column elementor-col-100 elementor-top-column elementor-element elementor-element-7159674\" data-id=\"7159674\" data-element_type=\"column\">\n\t\t\t<div class=\"elementor-column-wrap elementor-element-populated\">\n\t\t\t\t\t\t\t<div class=\"elementor-widget-wrap\">\n\t\t\t\t\t\t<div class=\"elementor-element elementor-element-845d845 elementor-widget elementor-widget-text-editor\" data-id=\"845d845\" data-element_type=\"widget\" data-widget_type=\"text-editor.default\">\n\t\t\t\t<div class=\"elementor-widget-container\">\n\t\t\t\t\t\t\t\t<div class=\"elementor-text-editor elementor-clearfix\">\n\t\t\t\t<p><strong>Declaraci\u00f3n sobre la accesibilidad del sitio web conforme al Decreto Legislativo 82\/2022 (transposici\u00f3n de la Directiva UE 2019\/882)<\/strong><\/p><p>SKYNET TECHNOLOGY S.p.A. \u2013 Sede legal y operativa: Montevarchi (AR), v\u00eda Giacomo Leopardi 31, NIF: 01757810518 \u2013 se compromete a hacer accesible su sitio web, de conformidad con la Ley 9 de enero de 2004, n.\u00ba 4, con el Decreto Legislativo 82\/2022 y con la Directiva (UE) 2019\/882 (Ley Europea de Accesibilidad). Esta declaraci\u00f3n tiene como finalidad aclarar el estado de conformidad del sitio web <a href=\"https:\/\/www.skynet-technology.it\/es\/\">https:\/\/www.skynet-technology.it\/es\/<\/a><\/p><p><strong>Estado de conformidad<\/strong><\/p><p>El sitio actualmente no cumple con los requisitos establecidos por la normativa sobre accesibilidad digital especificada en la norma UNI CEI EN 301549.<\/p><p>Sin embargo, de acuerdo con lo dispuesto en la Directiva (UE) 2019\/882 (art\u00edculos 1, 2 y 15), el Decreto Legislativo 82\/2022 (art. 3, p\u00e1rrafo 2), la Circular AGID n.\u00ba 3\/2022 y las directrices europeas, el sitio no est\u00e1 obligado a adaptarse por las siguientes razones:<\/p><ul><li>Fue publicado antes del 28 de junio de 2025;<\/li><li>No ha sufrido modificaciones sustanciales (redise\u00f1o gr\u00e1fico, reestructuraci\u00f3n del c\u00f3digo, cambio de CMS o actualizaciones tecnol\u00f3gicas significativas) despu\u00e9s de esa fecha;<\/li><li>Solo est\u00e1 sujeto a mantenimiento ordinario y actualizaciones de contenido, que no se consideran modificaciones sustanciales.<\/li><\/ul><p>Por tanto, en la situaci\u00f3n actual, no est\u00e1 obligado a ajustarse inmediatamente a los requisitos de accesibilidad previstos por la ley.<\/p><p><strong>Compromisos futuros<\/strong><\/p><p>En caso de futuras modificaciones estructurales, redise\u00f1os o actualizaciones tecnol\u00f3gicas relevantes, se evaluar\u00e1 y planificar\u00e1 la adecuaci\u00f3n del sitio a los requisitos de accesibilidad, conforme a las directrices y plazos establecidos por la normativa vigente.<\/p><p><strong>Informaci\u00f3n sobre el sitio<\/strong><\/p><ol><li>Fecha de publicaci\u00f3n: 09\/01\/2020<\/li><li>\u00bfSe han realizado pruebas de usabilidad? No<\/li><li>CMS utilizado: WordPress<\/li><\/ol><p><strong>Redacci\u00f3n de la declaraci\u00f3n de accesibilidad<\/strong><\/p><p>La presente declaraci\u00f3n fue redactada el 04\/08\/<span id=\"dynamic-year\"><\/span>. La evaluaci\u00f3n fue realizada mediante autoevaluaci\u00f3n directamente por el proveedor (v\u00e9ase el art\u00edculo 3, apartado 1, de la Decisi\u00f3n de Ejecuci\u00f3n UE 2018\/1523 de la Comisi\u00f3n).<\/p><p><strong>Contacto y feedback<\/strong><\/p><p>Para notificar problemas o realizar solicitudes relacionadas con la accesibilidad del sitio, puede escribir a:<\/p><p>Correo electr\u00f3nico: matteo.cilibrizzi@skynetspa.com<\/p><p>PEC: skynetspa@legalmail.it<\/p><p>Responsable de las notificaciones: Matteo Cilibrizzi<\/p><p>Indicar en el asunto: Accesibilidad del sitio<\/p><p><strong>Modalidades de env\u00edo de notificaciones a la AgID<\/strong><\/p><p>En caso de respuesta insatisfactoria o falta de respuesta en un plazo de treinta d\u00edas, el interesado puede presentar una notificaci\u00f3n a la AgID, a trav\u00e9s de PEC, a la siguiente direcci\u00f3n: protocollo@pec.agid.gov.it<\/p><p>M\u00e1s informaci\u00f3n actualizada en el sitio de AgID:<br \/><a href=\"https:\/\/www.agid.gov.it\/it\/design-servizi\/accessibilita\/linee-guida-accessibilita-privati\">https:\/\/www.agid.gov.it\/it\/design-servizi\/accessibilita\/linee-guida-accessibilita-privati<\/a><\/p><p><strong>Informaci\u00f3n sobre la estructura<\/strong><\/p><ol><li>N\u00famero de empleados con discapacidad: 8<\/li><li>N\u00famero de puestos de trabajo adaptados: 8<\/li><\/ol><p><strong>Referencias normativas<\/strong><\/p><p>Directiva (UE) 2019\/882 \u2013 Ley Europea de Accesibilidad<\/p><p>Decreto Legislativo 82\/2022 \u2013 Transposici\u00f3n de la Directiva en Italia<\/p><p>Circular AGID n.\u00ba 3\/2022<\/p><p>UNI CEI EN 301549 \u2013 Requisitos t\u00e9cnicos de accesibilidad<\/p><p>Preguntas frecuentes y documentos de apoyo de la Comisi\u00f3n Europea<\/p><p><script>\n(function() {\n    const today = new Date();\n    const currentYear = today.getFullYear();\n    const cutoffDate = new Date(currentYear, 6, 10); \/\/ Luglio &#232; mese 6 (0-based)\n\n    \/\/ Mostra l'anno corrente solo se siamo al 10 luglio o dopo\n    const displayYear = today >= cutoffDate ? currentYear : currentYear - 1;\n\n    document.getElementById(\"dynamic-year\").textContent = displayYear;\n  })();\n<\/script><\/p>\t\t\t\t\t<\/div>\n\t\t\t\t\t\t<\/div>\n\t\t\t\t<\/div>\n\t\t\t\t\t\t<\/div>\n\t\t\t\t\t<\/div>\n\t\t<\/div>\n\t\t\t\t\t\t\t\t<\/div>\n\t\t\t\t\t<\/div>\n\t\t<\/section>\n\t\t\t\t\t\t\t\t\t<\/div>\n\t\t\t<\/div>\n\t\t\t\t\t<\/div>\n\t\t","protected":false},"excerpt":{"rendered":"<p>Declaraci\u00f3n sobre la accesibilidad del sitio web conforme al Decreto Legislativo 82\/2022 (transposici\u00f3n de la Directiva UE 2019\/882) SKYNET TECHNOLOGY S.p.A. \u2013 Sede legal y operativa: Montevarchi (AR), v\u00eda Giacomo Leopardi 31, NIF: 01757810518 \u2013 se compromete a hacer accesible su sitio web, de conformidad con la Ley 9 de enero de 2004, n.\u00ba 4, &#8230; <a title=\"Declaraci\u00f3n de accesibilidad\" class=\"read-more\" href=\"https:\/\/www.skynet-technology.it\/es\/declaracion-de-accesibilidad\/\">Read more<span class=\"screen-reader-text\">Declaraci\u00f3n de accesibilidad<\/span><\/a><\/p>\n","protected":false},"author":1,"featured_media":0,"parent":0,"menu_order":0,"comment_status":"closed","ping_status":"closed","template":"elementor_header_footer","meta":[],"yoast_head":"<!-- This site is optimized with the Yoast SEO plugin v21.1 - https:\/\/yoast.com\/wordpress\/plugins\/seo\/ -->\n<title>Declaraci\u00f3n de accesibilidad - Skynet Technology<\/title>\n<meta name=\"robots\" content=\"index, follow, max-snippet:-1, max-image-preview:large, max-video-preview:-1\" \/>\n<link rel=\"canonical\" href=\"https:\/\/www.skynet-technology.it\/es\/declaracion-de-accesibilidad\/\" \/>\n<meta property=\"og:locale\" content=\"es_ES\" \/>\n<meta property=\"og:type\" content=\"article\" \/>\n<meta property=\"og:title\" content=\"Declaraci\u00f3n de accesibilidad - Skynet Technology\" \/>\n<meta property=\"og:description\" content=\"Declaraci\u00f3n sobre la accesibilidad del sitio web conforme al Decreto Legislativo 82\/2022 (transposici\u00f3n de la Directiva UE 2019\/882) SKYNET TECHNOLOGY S.p.A. \u2013 Sede legal y operativa: Montevarchi (AR), v\u00eda Giacomo Leopardi 31, NIF: 01757810518 \u2013 se compromete a hacer accesible su sitio web, de conformidad con la Ley 9 de enero de 2004, n.\u00ba 4, ... Read moreDeclaraci\u00f3n de accesibilidad\" \/>\n<meta property=\"og:url\" content=\"https:\/\/www.skynet-technology.it\/es\/declaracion-de-accesibilidad\/\" \/>\n<meta property=\"og:site_name\" content=\"Skynet Technology\" \/>\n<meta property=\"article:modified_time\" content=\"2025-08-04T10:41:26+00:00\" \/>\n<meta name=\"twitter:card\" content=\"summary_large_image\" \/>\n<meta name=\"twitter:label1\" content=\"Tiempo de lectura\" \/>\n\t<meta name=\"twitter:data1\" content=\"3 minutos\" \/>\n<script type=\"application\/ld+json\" class=\"yoast-schema-graph\">{\"@context\":\"https:\/\/schema.org\",\"@graph\":[{\"@type\":\"WebPage\",\"@id\":\"https:\/\/www.skynet-technology.it\/es\/declaracion-de-accesibilidad\/\",\"url\":\"https:\/\/www.skynet-technology.it\/es\/declaracion-de-accesibilidad\/\",\"name\":\"Declaraci\u00f3n de accesibilidad - Skynet Technology\",\"isPartOf\":{\"@id\":\"https:\/\/www.skynet-technology.it\/es\/#website\"},\"datePublished\":\"2025-08-04T10:28:21+00:00\",\"dateModified\":\"2025-08-04T10:41:26+00:00\",\"breadcrumb\":{\"@id\":\"https:\/\/www.skynet-technology.it\/es\/declaracion-de-accesibilidad\/#breadcrumb\"},\"inLanguage\":\"es\",\"potentialAction\":[{\"@type\":\"ReadAction\",\"target\":[\"https:\/\/www.skynet-technology.it\/es\/declaracion-de-accesibilidad\/\"]}]},{\"@type\":\"BreadcrumbList\",\"@id\":\"https:\/\/www.skynet-technology.it\/es\/declaracion-de-accesibilidad\/#breadcrumb\",\"itemListElement\":[{\"@type\":\"ListItem\",\"position\":1,\"name\":\"Skynet Technology\",\"item\":\"https:\/\/www.skynet-technology.it\/es\/\"},{\"@type\":\"ListItem\",\"position\":2,\"name\":\"Declaraci\u00f3n de accesibilidad\"}]},{\"@type\":\"WebSite\",\"@id\":\"https:\/\/www.skynet-technology.it\/es\/#website\",\"url\":\"https:\/\/www.skynet-technology.it\/es\/\",\"name\":\"Skynet Technology\",\"description\":\"Servizi di supporto per le aziende Retail nel mondo Fashion &amp; Luxury\",\"publisher\":{\"@id\":\"https:\/\/www.skynet-technology.it\/es\/#organization\"},\"potentialAction\":[{\"@type\":\"SearchAction\",\"target\":{\"@type\":\"EntryPoint\",\"urlTemplate\":\"https:\/\/www.skynet-technology.it\/es\/?s={search_term_string}\"},\"query-input\":\"required name=search_term_string\"}],\"inLanguage\":\"es\"},{\"@type\":\"Organization\",\"@id\":\"https:\/\/www.skynet-technology.it\/es\/#organization\",\"name\":\"Skynet Technology\",\"url\":\"https:\/\/www.skynet-technology.it\/es\/\",\"logo\":{\"@type\":\"ImageObject\",\"inLanguage\":\"es\",\"@id\":\"https:\/\/www.skynet-technology.it\/es\/#\/schema\/logo\/image\/\",\"url\":\"https:\/\/www.skynet-technology.it\/wp-content\/uploads\/2019\/11\/logo_skynet.svg\",\"contentUrl\":\"https:\/\/www.skynet-technology.it\/wp-content\/uploads\/2019\/11\/logo_skynet.svg\",\"caption\":\"Skynet Technology\"},\"image\":{\"@id\":\"https:\/\/www.skynet-technology.it\/es\/#\/schema\/logo\/image\/\"}}]}<\/script>\n<!-- \/ Yoast SEO plugin. -->","yoast_head_json":{"title":"Declaraci\u00f3n de accesibilidad - Skynet Technology","robots":{"index":"index","follow":"follow","max-snippet":"max-snippet:-1","max-image-preview":"max-image-preview:large","max-video-preview":"max-video-preview:-1"},"canonical":"https:\/\/www.skynet-technology.it\/es\/declaracion-de-accesibilidad\/","og_locale":"es_ES","og_type":"article","og_title":"Declaraci\u00f3n de accesibilidad - Skynet Technology","og_description":"Declaraci\u00f3n sobre la accesibilidad del sitio web conforme al Decreto Legislativo 82\/2022 (transposici\u00f3n de la Directiva UE 2019\/882) SKYNET TECHNOLOGY S.p.A. \u2013 Sede legal y operativa: Montevarchi (AR), v\u00eda Giacomo Leopardi 31, NIF: 01757810518 \u2013 se compromete a hacer accesible su sitio web, de conformidad con la Ley 9 de enero de 2004, n.\u00ba 4, ... Read moreDeclaraci\u00f3n de accesibilidad","og_url":"https:\/\/www.skynet-technology.it\/es\/declaracion-de-accesibilidad\/","og_site_name":"Skynet Technology","article_modified_time":"2025-08-04T10:41:26+00:00","twitter_card":"summary_large_image","twitter_misc":{"Tiempo de lectura":"3 minutos"},"schema":{"@context":"https:\/\/schema.org","@graph":[{"@type":"WebPage","@id":"https:\/\/www.skynet-technology.it\/es\/declaracion-de-accesibilidad\/","url":"https:\/\/www.skynet-technology.it\/es\/declaracion-de-accesibilidad\/","name":"Declaraci\u00f3n de accesibilidad - Skynet Technology","isPartOf":{"@id":"https:\/\/www.skynet-technology.it\/es\/#website"},"datePublished":"2025-08-04T10:28:21+00:00","dateModified":"2025-08-04T10:41:26+00:00","breadcrumb":{"@id":"https:\/\/www.skynet-technology.it\/es\/declaracion-de-accesibilidad\/#breadcrumb"},"inLanguage":"es","potentialAction":[{"@type":"ReadAction","target":["https:\/\/www.skynet-technology.it\/es\/declaracion-de-accesibilidad\/"]}]},{"@type":"BreadcrumbList","@id":"https:\/\/www.skynet-technology.it\/es\/declaracion-de-accesibilidad\/#breadcrumb","itemListElement":[{"@type":"ListItem","position":1,"name":"Skynet Technology","item":"https:\/\/www.skynet-technology.it\/es\/"},{"@type":"ListItem","position":2,"name":"Declaraci\u00f3n de accesibilidad"}]},{"@type":"WebSite","@id":"https:\/\/www.skynet-technology.it\/es\/#website","url":"https:\/\/www.skynet-technology.it\/es\/","name":"Skynet Technology","description":"Servizi di supporto per le aziende Retail nel mondo Fashion &amp; Luxury","publisher":{"@id":"https:\/\/www.skynet-technology.it\/es\/#organization"},"potentialAction":[{"@type":"SearchAction","target":{"@type":"EntryPoint","urlTemplate":"https:\/\/www.skynet-technology.it\/es\/?s={search_term_string}"},"query-input":"required name=search_term_string"}],"inLanguage":"es"},{"@type":"Organization","@id":"https:\/\/www.skynet-technology.it\/es\/#organization","name":"Skynet Technology","url":"https:\/\/www.skynet-technology.it\/es\/","logo":{"@type":"ImageObject","inLanguage":"es","@id":"https:\/\/www.skynet-technology.it\/es\/#\/schema\/logo\/image\/","url":"https:\/\/www.skynet-technology.it\/wp-content\/uploads\/2019\/11\/logo_skynet.svg","contentUrl":"https:\/\/www.skynet-technology.it\/wp-content\/uploads\/2019\/11\/logo_skynet.svg","caption":"Skynet Technology"},"image":{"@id":"https:\/\/www.skynet-technology.it\/es\/#\/schema\/logo\/image\/"}}]}},"_links":{"self":[{"href":"https:\/\/www.skynet-technology.it\/es\/wp-json\/wp\/v2\/pages\/1931"}],"collection":[{"href":"https:\/\/www.skynet-technology.it\/es\/wp-json\/wp\/v2\/pages"}],"about":[{"href":"https:\/\/www.skynet-technology.it\/es\/wp-json\/wp\/v2\/types\/page"}],"author":[{"embeddable":true,"href":"https:\/\/www.skynet-technology.it\/es\/wp-json\/wp\/v2\/users\/1"}],"replies":[{"embeddable":true,"href":"https:\/\/www.skynet-technology.it\/es\/wp-json\/wp\/v2\/comments?post=1931"}],"version-history":[{"count":7,"href":"https:\/\/www.skynet-technology.it\/es\/wp-json\/wp\/v2\/pages\/1931\/revisions"}],"predecessor-version":[{"id":1963,"href":"https:\/\/www.skynet-technology.it\/es\/wp-json\/wp\/v2\/pages\/1931\/revisions\/1963"}],"wp:attachment":[{"href":"https:\/\/www.skynet-technology.it\/es\/wp-json\/wp\/v2\/media?parent=1931"}],"curies":[{"name":"wp","href":"https:\/\/api.w.org\/{rel}","templated":true}]}}