{"id":654,"date":"2019-12-17T10:58:14","date_gmt":"2019-12-17T10:58:14","guid":{"rendered":"https:\/\/www.skynet-technology.it\/?page_id=654"},"modified":"2019-12-17T11:00:03","modified_gmt":"2019-12-17T11:00:03","slug":"la-oferta","status":"publish","type":"page","link":"https:\/\/www.skynet-technology.it\/es\/la-oferta\/","title":{"rendered":"La Oferta"},"content":{"rendered":"\t\t<div data-elementor-type=\"wp-page\" data-elementor-id=\"654\" class=\"elementor elementor-654 elementor-278\">\n\t\t\t\t\t\t<div class=\"elementor-inner\">\n\t\t\t\t<div class=\"elementor-section-wrap\">\n\t\t\t\t\t\t\t\t\t<section class=\"elementor-section elementor-top-section elementor-element elementor-element-9bd770c elementor-section-stretched elementor-section-boxed elementor-section-height-default elementor-section-height-default\" data-id=\"9bd770c\" data-element_type=\"section\" data-settings=\"{&quot;stretch_section&quot;:&quot;section-stretched&quot;}\">\n\t\t\t\t\t\t<div class=\"elementor-container elementor-column-gap-default\">\n\t\t\t\t\t\t\t<div class=\"elementor-row\">\n\t\t\t\t\t<div class=\"elementor-column elementor-col-100 elementor-top-column elementor-element elementor-element-a754787\" data-id=\"a754787\" data-element_type=\"column\">\n\t\t\t<div class=\"elementor-column-wrap\">\n\t\t\t\t\t\t\t<div class=\"elementor-widget-wrap\">\n\t\t\t\t\t\t\t\t<\/div>\n\t\t\t\t\t<\/div>\n\t\t<\/div>\n\t\t\t\t\t\t\t\t<\/div>\n\t\t\t\t\t<\/div>\n\t\t<\/section>\n\t\t\t\t<section class=\"elementor-section elementor-top-section elementor-element elementor-element-944434c elementor-section-stretched elementor-section-height-min-height elementor-section-items-bottom elementor-section-boxed elementor-section-height-default\" data-id=\"944434c\" data-element_type=\"section\" data-settings=\"{&quot;stretch_section&quot;:&quot;section-stretched&quot;,&quot;background_background&quot;:&quot;classic&quot;,&quot;background_motion_fx_motion_fx_scrolling&quot;:&quot;yes&quot;,&quot;background_motion_fx_devices&quot;:[&quot;desktop&quot;,&quot;tablet&quot;,&quot;mobile&quot;]}\">\n\t\t\t\t\t\t\t<div class=\"elementor-background-overlay\"><\/div>\n\t\t\t\t\t\t\t<div class=\"elementor-container elementor-column-gap-default\">\n\t\t\t\t\t\t\t<div class=\"elementor-row\">\n\t\t\t\t\t<div class=\"elementor-column elementor-col-100 elementor-top-column elementor-element elementor-element-c6124ce\" data-id=\"c6124ce\" data-element_type=\"column\">\n\t\t\t<div class=\"elementor-column-wrap elementor-element-populated\">\n\t\t\t\t\t\t\t<div class=\"elementor-widget-wrap\">\n\t\t\t\t\t\t<div class=\"elementor-element elementor-element-bb8f196 elementor-widget elementor-widget-heading\" data-id=\"bb8f196\" data-element_type=\"widget\" data-widget_type=\"heading.default\">\n\t\t\t\t<div class=\"elementor-widget-container\">\n\t\t\t<h1 class=\"elementor-heading-title elementor-size-default\">La Oferta<\/h1>\t\t<\/div>\n\t\t\t\t<\/div>\n\t\t\t\t<div class=\"elementor-element elementor-element-9c6ad79 elementor-align-left elementor-widget elementor-widget-breadcrumbs\" data-id=\"9c6ad79\" data-element_type=\"widget\" data-widget_type=\"breadcrumbs.default\">\n\t\t\t\t<div class=\"elementor-widget-container\">\n\t\t\t<p id=\"breadcrumbs\"><span><span><a href=\"https:\/\/www.skynet-technology.it\/es\/\">Skynet Technology<\/a><\/span><\/span><\/p>\t\t<\/div>\n\t\t\t\t<\/div>\n\t\t\t\t\t\t<\/div>\n\t\t\t\t\t<\/div>\n\t\t<\/div>\n\t\t\t\t\t\t\t\t<\/div>\n\t\t\t\t\t<\/div>\n\t\t<\/section>\n\t\t\t\t<section class=\"elementor-section elementor-top-section elementor-element elementor-element-241102f elementor-section-stretched elementor-section-boxed elementor-section-height-default elementor-section-height-default\" data-id=\"241102f\" data-element_type=\"section\" data-settings=\"{&quot;stretch_section&quot;:&quot;section-stretched&quot;}\">\n\t\t\t\t\t\t<div class=\"elementor-container elementor-column-gap-default\">\n\t\t\t\t\t\t\t<div class=\"elementor-row\">\n\t\t\t\t\t<div class=\"elementor-column elementor-col-100 elementor-top-column elementor-element elementor-element-8fa73b8\" data-id=\"8fa73b8\" data-element_type=\"column\">\n\t\t\t<div class=\"elementor-column-wrap elementor-element-populated\">\n\t\t\t\t\t\t\t<div class=\"elementor-widget-wrap\">\n\t\t\t\t\t\t<div class=\"elementor-element elementor-element-4650fbd elementor-widget elementor-widget-heading\" data-id=\"4650fbd\" data-element_type=\"widget\" data-widget_type=\"heading.default\">\n\t\t\t\t<div class=\"elementor-widget-container\">\n\t\t\t<h4 class=\"elementor-heading-title elementor-size-default\">Servicios de apoyo<\/h4>\t\t<\/div>\n\t\t\t\t<\/div>\n\t\t\t\t<div class=\"elementor-element elementor-element-6052fce elementor-widget elementor-widget-heading\" data-id=\"6052fce\" data-element_type=\"widget\" data-widget_type=\"heading.default\">\n\t\t\t\t<div class=\"elementor-widget-container\">\n\t\t\t<h3 class=\"elementor-heading-title elementor-size-default\">La Oferta<\/h3>\t\t<\/div>\n\t\t\t\t<\/div>\n\t\t\t\t<div class=\"elementor-element elementor-element-47e7b77 elementor-widget elementor-widget-text-editor\" data-id=\"47e7b77\" data-element_type=\"widget\" data-widget_type=\"text-editor.default\">\n\t\t\t\t<div class=\"elementor-widget-container\">\n\t\t\t\t\t\t\t\t<div class=\"elementor-text-editor elementor-clearfix\">\n\t\t\t\t<div class=\"elementor-element elementor-element-ece1553 elementor-widget elementor-widget-text-editor\" data-id=\"ece1553\" data-element_type=\"widget\" data-widget_type=\"text-editor.default\"><div class=\"elementor-widget-container\"><div class=\"elementor-text-editor elementor-clearfix\"><div class=\"elementor-element elementor-element-ece1553 elementor-widget elementor-widget-text-editor\" data-id=\"ece1553\" data-element_type=\"widget\" data-widget_type=\"text-editor.default\"><div class=\"elementor-widget-container\"><div class=\"elementor-text-editor elementor-clearfix\">Creemos que el enfoque y la especializaci\u00f3n es la clave para asegurar una alta calidad de servicio, as\u00ed como la salud y la prosperidad de nuestra empresa.<\/div><\/div><\/div><div class=\"elementor-element elementor-element-ca0fbf1 elementor-widget elementor-widget-text-editor\" data-id=\"ca0fbf1\" data-element_type=\"widget\" data-widget_type=\"text-editor.default\"><div class=\"elementor-widget-container\"><div class=\"elementor-text-editor elementor-clearfix\">Skynet Technology es una empresa dedicada exclusivamente en entregar servicios de apoyo. Creemos en la organizaci\u00f3n y optimizaci\u00f3n de procesos continuos.<\/div><\/div><\/div><div class=\"elementor-element elementor-element-828f473 elementor-widget elementor-widget-text-editor\" data-id=\"828f473\" data-element_type=\"widget\" data-widget_type=\"text-editor.default\"><div class=\"elementor-widget-container\"><div class=\"elementor-text-editor elementor-clearfix\">Ahora la realidad de referencia para el mundo fashion retail, Skynet Technology puede presumir de importantes casos de \u00e9xito en el apoyo a proyectos para empresas l\u00edderes en otros sectores de la industria.<\/div><\/div><\/div><\/div><\/div><\/div>\t\t\t\t\t<\/div>\n\t\t\t\t\t\t<\/div>\n\t\t\t\t<\/div>\n\t\t\t\t\t\t<\/div>\n\t\t\t\t\t<\/div>\n\t\t<\/div>\n\t\t\t\t\t\t\t\t<\/div>\n\t\t\t\t\t<\/div>\n\t\t<\/section>\n\t\t\t\t<section class=\"elementor-section elementor-top-section elementor-element elementor-element-32aac45 elementor-section-boxed elementor-section-height-default elementor-section-height-default\" data-id=\"32aac45\" data-element_type=\"section\">\n\t\t\t\t\t\t<div class=\"elementor-container elementor-column-gap-default\">\n\t\t\t\t\t\t\t<div class=\"elementor-row\">\n\t\t\t\t\t<div class=\"elementor-column elementor-col-50 elementor-top-column elementor-element elementor-element-478933f\" data-id=\"478933f\" data-element_type=\"column\">\n\t\t\t<div class=\"elementor-column-wrap elementor-element-populated\">\n\t\t\t\t\t\t\t<div class=\"elementor-widget-wrap\">\n\t\t\t\t\t\t<div class=\"elementor-element elementor-element-7f1b5d02 elenco_numerato elementor-widget elementor-widget-text-editor\" data-id=\"7f1b5d02\" data-element_type=\"widget\" data-widget_type=\"text-editor.default\">\n\t\t\t\t<div class=\"elementor-widget-container\">\n\t\t\t\t\t\t\t\t<div class=\"elementor-text-editor elementor-clearfix\">\n\t\t\t\t01\t\t\t\t\t<\/div>\n\t\t\t\t\t\t<\/div>\n\t\t\t\t<\/div>\n\t\t\t\t<div class=\"elementor-element elementor-element-f3e1286 elementor-widget elementor-widget-heading\" data-id=\"f3e1286\" data-element_type=\"widget\" data-widget_type=\"heading.default\">\n\t\t\t\t<div class=\"elementor-widget-container\">\n\t\t\t<h5 class=\"elementor-heading-title elementor-size-default\">Retail Support<\/h5>\t\t<\/div>\n\t\t\t\t<\/div>\n\t\t\t\t<div class=\"elementor-element elementor-element-1ff7b1b6 elementor-widget elementor-widget-text-editor\" data-id=\"1ff7b1b6\" data-element_type=\"widget\" data-widget_type=\"text-editor.default\">\n\t\t\t\t<div class=\"elementor-widget-container\">\n\t\t\t\t\t\t\t\t<div class=\"elementor-text-editor elementor-clearfix\">\n\t\t\t\t<p>Skynet tiene como objetivo SPOC (Single Point of Contact) \u00fanico punto de referencia para garantizar soluciones r\u00e1pidas y eficaces a todos los problemas que diariamente encuentran los store manager y los sales assistants. El objetivo es asegurar su importante funci\u00f3n, el tiempo de actividad m\u00e1ximo y asegurar el intercambio de datos con la oficina central. Todo esto se realiza a trav\u00e9s de un profundo conocimiento del mundo Fashion\/retail y el uso de herramientas capaz de dirigir los ingenieros en la erogaci\u00f2n de servicios automatizando el control de los niveles de servicio.<\/p><p>El modelo de servicio fue dise\u00f1ado para ser capaz de soportar un tipo de usuario que no sea el usuario t\u00edpico de oficina. Adem\u00e1s, los usuarios no se concentran en un solo edificio, pero se distribuyen a nivel internacional. El enfoque cl\u00e1sico basado en figuras t\u00e9cnicas residentes on-site, entonces no es apropiado. Por esto el servicio se basa en una estructura central (Service Desk), que recoge toda la inteligencia y el conocimiento y que puede conducir da remotos a los t\u00e9cnicos gen\u00e9ricos no necesariamente expertos en el contexto.<\/p>\t\t\t\t\t<\/div>\n\t\t\t\t\t\t<\/div>\n\t\t\t\t<\/div>\n\t\t\t\t\t\t<\/div>\n\t\t\t\t\t<\/div>\n\t\t<\/div>\n\t\t\t\t<div class=\"elementor-column elementor-col-50 elementor-top-column elementor-element elementor-element-b429cfa\" data-id=\"b429cfa\" data-element_type=\"column\">\n\t\t\t<div class=\"elementor-column-wrap elementor-element-populated\">\n\t\t\t\t\t\t\t<div class=\"elementor-widget-wrap\">\n\t\t\t\t\t\t<div class=\"elementor-element elementor-element-5c318a54 elenco_numerato elementor-widget elementor-widget-text-editor\" data-id=\"5c318a54\" data-element_type=\"widget\" data-widget_type=\"text-editor.default\">\n\t\t\t\t<div class=\"elementor-widget-container\">\n\t\t\t\t\t\t\t\t<div class=\"elementor-text-editor elementor-clearfix\">\n\t\t\t\t02\t\t\t\t\t<\/div>\n\t\t\t\t\t\t<\/div>\n\t\t\t\t<\/div>\n\t\t\t\t<div class=\"elementor-element elementor-element-c0eaf46 elementor-widget elementor-widget-heading\" data-id=\"c0eaf46\" data-element_type=\"widget\" data-widget_type=\"heading.default\">\n\t\t\t\t<div class=\"elementor-widget-container\">\n\t\t\t<h5 class=\"elementor-heading-title elementor-size-default\">User support<\/h5>\t\t<\/div>\n\t\t\t\t<\/div>\n\t\t\t\t<div class=\"elementor-element elementor-element-a19a09c elementor-widget elementor-widget-text-editor\" data-id=\"a19a09c\" data-element_type=\"widget\" data-widget_type=\"text-editor.default\">\n\t\t\t\t<div class=\"elementor-widget-container\">\n\t\t\t\t\t\t\t\t<div class=\"elementor-text-editor elementor-clearfix\">\n\t\t\t\t<p>El mismo modelo optimizado en los a\u00f1os para prestar apoyo a las tiendas de la cadena, se ha exportado al soporte de los usuarios de sede.<\/p><p>Se descubr\u00ec que en este contexto podemos asegurar ventajas importantes. Logrando de resolver un alto porcentaje de problemas desde el remoto y reduciendo los tiempos de expectaci\u00f2n para los usuarios. El resultado es, entonces, optimizar el servicio en t\u00e9rminos de eficacia y eficiencia.<\/p>\t\t\t\t\t<\/div>\n\t\t\t\t\t\t<\/div>\n\t\t\t\t<\/div>\n\t\t\t\t\t\t<\/div>\n\t\t\t\t\t<\/div>\n\t\t<\/div>\n\t\t\t\t\t\t\t\t<\/div>\n\t\t\t\t\t<\/div>\n\t\t<\/section>\n\t\t\t\t<section class=\"elementor-section elementor-top-section elementor-element elementor-element-e155195 elementor-section-boxed elementor-section-height-default elementor-section-height-default\" data-id=\"e155195\" data-element_type=\"section\">\n\t\t\t\t\t\t<div class=\"elementor-container elementor-column-gap-default\">\n\t\t\t\t\t\t\t<div class=\"elementor-row\">\n\t\t\t\t\t<div class=\"elementor-column elementor-col-50 elementor-top-column elementor-element elementor-element-83d6817\" data-id=\"83d6817\" data-element_type=\"column\">\n\t\t\t<div class=\"elementor-column-wrap elementor-element-populated\">\n\t\t\t\t\t\t\t<div class=\"elementor-widget-wrap\">\n\t\t\t\t\t\t<div class=\"elementor-element elementor-element-0ca2f6d elenco_numerato elementor-widget elementor-widget-text-editor\" data-id=\"0ca2f6d\" data-element_type=\"widget\" data-widget_type=\"text-editor.default\">\n\t\t\t\t<div class=\"elementor-widget-container\">\n\t\t\t\t\t\t\t\t<div class=\"elementor-text-editor elementor-clearfix\">\n\t\t\t\t03\t\t\t\t\t<\/div>\n\t\t\t\t\t\t<\/div>\n\t\t\t\t<\/div>\n\t\t\t\t<div class=\"elementor-element elementor-element-db55015 elementor-widget elementor-widget-heading\" data-id=\"db55015\" data-element_type=\"widget\" data-widget_type=\"heading.default\">\n\t\t\t\t<div class=\"elementor-widget-container\">\n\t\t\t<h5 class=\"elementor-heading-title elementor-size-default\">Monitoreo<\/h5>\t\t<\/div>\n\t\t\t\t<\/div>\n\t\t\t\t<div class=\"elementor-element elementor-element-f6203e4 elementor-widget elementor-widget-text-editor\" data-id=\"f6203e4\" data-element_type=\"widget\" data-widget_type=\"text-editor.default\">\n\t\t\t\t<div class=\"elementor-widget-container\">\n\t\t\t\t\t\t\t\t<div class=\"elementor-text-editor elementor-clearfix\">\n\t\t\t\t<p>Podemos controlar los dispositivos y sistemas de nuestros clientes 24 sobre 24 con t\u00e9cnicos especialistas f\u00edsicamente presentes tambi\u00e9n durante la noche (y no a trav\u00e9s disponibilidad) adentro nuestra control room.<\/p>\t\t\t\t\t<\/div>\n\t\t\t\t\t\t<\/div>\n\t\t\t\t<\/div>\n\t\t\t\t\t\t<\/div>\n\t\t\t\t\t<\/div>\n\t\t<\/div>\n\t\t\t\t<div class=\"elementor-column elementor-col-50 elementor-top-column elementor-element elementor-element-c3caa61\" data-id=\"c3caa61\" data-element_type=\"column\">\n\t\t\t<div class=\"elementor-column-wrap elementor-element-populated\">\n\t\t\t\t\t\t\t<div class=\"elementor-widget-wrap\">\n\t\t\t\t\t\t<div class=\"elementor-element elementor-element-91e2937 elenco_numerato elementor-widget elementor-widget-text-editor\" data-id=\"91e2937\" data-element_type=\"widget\" data-widget_type=\"text-editor.default\">\n\t\t\t\t<div class=\"elementor-widget-container\">\n\t\t\t\t\t\t\t\t<div class=\"elementor-text-editor elementor-clearfix\">\n\t\t\t\t04\t\t\t\t\t<\/div>\n\t\t\t\t\t\t<\/div>\n\t\t\t\t<\/div>\n\t\t\t\t<div class=\"elementor-element elementor-element-a968ab9 elementor-widget elementor-widget-heading\" data-id=\"a968ab9\" data-element_type=\"widget\" data-widget_type=\"heading.default\">\n\t\t\t\t<div class=\"elementor-widget-container\">\n\t\t\t<h5 class=\"elementor-heading-title elementor-size-default\">Proyectos Especiales<\/h5>\t\t<\/div>\n\t\t\t\t<\/div>\n\t\t\t\t<div class=\"elementor-element elementor-element-6418dcb elementor-widget elementor-widget-text-editor\" data-id=\"6418dcb\" data-element_type=\"widget\" data-widget_type=\"text-editor.default\">\n\t\t\t\t<div class=\"elementor-widget-container\">\n\t\t\t\t\t\t\t\t<div class=\"elementor-text-editor elementor-clearfix\">\n\t\t\t\t<p>Ponemos a tu disposici\u00f3n equipos de especialistas para apoyar proyectos de roll-out; aperturas de nuevas tiendas; entrenamiento a distancia y on-site; proyectos en el \u00e1mbito m\u00f3vil.<\/p>\t\t\t\t\t<\/div>\n\t\t\t\t\t\t<\/div>\n\t\t\t\t<\/div>\n\t\t\t\t\t\t<\/div>\n\t\t\t\t\t<\/div>\n\t\t<\/div>\n\t\t\t\t\t\t\t\t<\/div>\n\t\t\t\t\t<\/div>\n\t\t<\/section>\n\t\t\t\t\t\t\t\t\t<\/div>\n\t\t\t<\/div>\n\t\t\t\t\t<\/div>\n\t\t","protected":false},"excerpt":{"rendered":"<p>La Oferta Servicios de apoyo La Oferta Creemos que el enfoque y la especializaci\u00f3n es la clave para asegurar una alta calidad de servicio, as\u00ed como la salud y la prosperidad de nuestra empresa.Skynet Technology es una empresa dedicada exclusivamente en entregar servicios de apoyo. Creemos en la organizaci\u00f3n y optimizaci\u00f3n de procesos continuos.Ahora la &#8230; <a title=\"La Oferta\" class=\"read-more\" href=\"https:\/\/www.skynet-technology.it\/es\/la-oferta\/\">Read more<span class=\"screen-reader-text\">La Oferta<\/span><\/a><\/p>\n","protected":false},"author":1,"featured_media":0,"parent":0,"menu_order":0,"comment_status":"closed","ping_status":"closed","template":"","meta":[],"yoast_head":"<!-- This site is optimized with the Yoast SEO plugin v21.1 - https:\/\/yoast.com\/wordpress\/plugins\/seo\/ -->\n<title>La Oferta - Skynet Technology<\/title>\n<meta name=\"robots\" content=\"index, follow, max-snippet:-1, max-image-preview:large, max-video-preview:-1\" \/>\n<link rel=\"canonical\" href=\"https:\/\/www.skynet-technology.it\/es\/la-oferta\/\" \/>\n<meta property=\"og:locale\" content=\"es_ES\" \/>\n<meta property=\"og:type\" content=\"article\" \/>\n<meta property=\"og:title\" content=\"La Oferta - Skynet Technology\" \/>\n<meta property=\"og:description\" content=\"La Oferta Servicios de apoyo La Oferta Creemos que el enfoque y la especializaci\u00f3n es la clave para asegurar una alta calidad de servicio, as\u00ed como la salud y la prosperidad de nuestra empresa.Skynet Technology es una empresa dedicada exclusivamente en entregar servicios de apoyo. Creemos en la organizaci\u00f3n y optimizaci\u00f3n de procesos continuos.Ahora la ... Read moreLa Oferta\" \/>\n<meta property=\"og:url\" content=\"https:\/\/www.skynet-technology.it\/es\/la-oferta\/\" \/>\n<meta property=\"og:site_name\" content=\"Skynet Technology\" \/>\n<meta property=\"article:modified_time\" content=\"2019-12-17T11:00:03+00:00\" \/>\n<meta name=\"twitter:card\" content=\"summary_large_image\" \/>\n<meta name=\"twitter:label1\" content=\"Tiempo de lectura\" \/>\n\t<meta name=\"twitter:data1\" content=\"2 minutos\" \/>\n<script type=\"application\/ld+json\" class=\"yoast-schema-graph\">{\"@context\":\"https:\/\/schema.org\",\"@graph\":[{\"@type\":\"WebPage\",\"@id\":\"https:\/\/www.skynet-technology.it\/es\/la-oferta\/\",\"url\":\"https:\/\/www.skynet-technology.it\/es\/la-oferta\/\",\"name\":\"La Oferta - Skynet Technology\",\"isPartOf\":{\"@id\":\"https:\/\/www.skynet-technology.it\/es\/#website\"},\"datePublished\":\"2019-12-17T10:58:14+00:00\",\"dateModified\":\"2019-12-17T11:00:03+00:00\",\"breadcrumb\":{\"@id\":\"https:\/\/www.skynet-technology.it\/es\/la-oferta\/#breadcrumb\"},\"inLanguage\":\"es\",\"potentialAction\":[{\"@type\":\"ReadAction\",\"target\":[\"https:\/\/www.skynet-technology.it\/es\/la-oferta\/\"]}]},{\"@type\":\"BreadcrumbList\",\"@id\":\"https:\/\/www.skynet-technology.it\/es\/la-oferta\/#breadcrumb\",\"itemListElement\":[{\"@type\":\"ListItem\",\"position\":1,\"name\":\"Skynet Technology\",\"item\":\"https:\/\/www.skynet-technology.it\/es\/\"},{\"@type\":\"ListItem\",\"position\":2,\"name\":\"La Oferta\"}]},{\"@type\":\"WebSite\",\"@id\":\"https:\/\/www.skynet-technology.it\/es\/#website\",\"url\":\"https:\/\/www.skynet-technology.it\/es\/\",\"name\":\"Skynet Technology\",\"description\":\"Servizi di supporto per le aziende Retail nel mondo Fashion &amp; Luxury\",\"publisher\":{\"@id\":\"https:\/\/www.skynet-technology.it\/es\/#organization\"},\"potentialAction\":[{\"@type\":\"SearchAction\",\"target\":{\"@type\":\"EntryPoint\",\"urlTemplate\":\"https:\/\/www.skynet-technology.it\/es\/?s={search_term_string}\"},\"query-input\":\"required name=search_term_string\"}],\"inLanguage\":\"es\"},{\"@type\":\"Organization\",\"@id\":\"https:\/\/www.skynet-technology.it\/es\/#organization\",\"name\":\"Skynet Technology\",\"url\":\"https:\/\/www.skynet-technology.it\/es\/\",\"logo\":{\"@type\":\"ImageObject\",\"inLanguage\":\"es\",\"@id\":\"https:\/\/www.skynet-technology.it\/es\/#\/schema\/logo\/image\/\",\"url\":\"https:\/\/www.skynet-technology.it\/wp-content\/uploads\/2019\/11\/logo_skynet.svg\",\"contentUrl\":\"https:\/\/www.skynet-technology.it\/wp-content\/uploads\/2019\/11\/logo_skynet.svg\",\"caption\":\"Skynet Technology\"},\"image\":{\"@id\":\"https:\/\/www.skynet-technology.it\/es\/#\/schema\/logo\/image\/\"}}]}<\/script>\n<!-- \/ Yoast SEO plugin. -->","yoast_head_json":{"title":"La Oferta - Skynet Technology","robots":{"index":"index","follow":"follow","max-snippet":"max-snippet:-1","max-image-preview":"max-image-preview:large","max-video-preview":"max-video-preview:-1"},"canonical":"https:\/\/www.skynet-technology.it\/es\/la-oferta\/","og_locale":"es_ES","og_type":"article","og_title":"La Oferta - Skynet Technology","og_description":"La Oferta Servicios de apoyo La Oferta Creemos que el enfoque y la especializaci\u00f3n es la clave para asegurar una alta calidad de servicio, as\u00ed como la salud y la prosperidad de nuestra empresa.Skynet Technology es una empresa dedicada exclusivamente en entregar servicios de apoyo. Creemos en la organizaci\u00f3n y optimizaci\u00f3n de procesos continuos.Ahora la ... Read moreLa Oferta","og_url":"https:\/\/www.skynet-technology.it\/es\/la-oferta\/","og_site_name":"Skynet Technology","article_modified_time":"2019-12-17T11:00:03+00:00","twitter_card":"summary_large_image","twitter_misc":{"Tiempo de lectura":"2 minutos"},"schema":{"@context":"https:\/\/schema.org","@graph":[{"@type":"WebPage","@id":"https:\/\/www.skynet-technology.it\/es\/la-oferta\/","url":"https:\/\/www.skynet-technology.it\/es\/la-oferta\/","name":"La Oferta - Skynet Technology","isPartOf":{"@id":"https:\/\/www.skynet-technology.it\/es\/#website"},"datePublished":"2019-12-17T10:58:14+00:00","dateModified":"2019-12-17T11:00:03+00:00","breadcrumb":{"@id":"https:\/\/www.skynet-technology.it\/es\/la-oferta\/#breadcrumb"},"inLanguage":"es","potentialAction":[{"@type":"ReadAction","target":["https:\/\/www.skynet-technology.it\/es\/la-oferta\/"]}]},{"@type":"BreadcrumbList","@id":"https:\/\/www.skynet-technology.it\/es\/la-oferta\/#breadcrumb","itemListElement":[{"@type":"ListItem","position":1,"name":"Skynet Technology","item":"https:\/\/www.skynet-technology.it\/es\/"},{"@type":"ListItem","position":2,"name":"La Oferta"}]},{"@type":"WebSite","@id":"https:\/\/www.skynet-technology.it\/es\/#website","url":"https:\/\/www.skynet-technology.it\/es\/","name":"Skynet Technology","description":"Servizi di supporto per le aziende Retail nel mondo Fashion &amp; Luxury","publisher":{"@id":"https:\/\/www.skynet-technology.it\/es\/#organization"},"potentialAction":[{"@type":"SearchAction","target":{"@type":"EntryPoint","urlTemplate":"https:\/\/www.skynet-technology.it\/es\/?s={search_term_string}"},"query-input":"required name=search_term_string"}],"inLanguage":"es"},{"@type":"Organization","@id":"https:\/\/www.skynet-technology.it\/es\/#organization","name":"Skynet Technology","url":"https:\/\/www.skynet-technology.it\/es\/","logo":{"@type":"ImageObject","inLanguage":"es","@id":"https:\/\/www.skynet-technology.it\/es\/#\/schema\/logo\/image\/","url":"https:\/\/www.skynet-technology.it\/wp-content\/uploads\/2019\/11\/logo_skynet.svg","contentUrl":"https:\/\/www.skynet-technology.it\/wp-content\/uploads\/2019\/11\/logo_skynet.svg","caption":"Skynet Technology"},"image":{"@id":"https:\/\/www.skynet-technology.it\/es\/#\/schema\/logo\/image\/"}}]}},"_links":{"self":[{"href":"https:\/\/www.skynet-technology.it\/es\/wp-json\/wp\/v2\/pages\/654"}],"collection":[{"href":"https:\/\/www.skynet-technology.it\/es\/wp-json\/wp\/v2\/pages"}],"about":[{"href":"https:\/\/www.skynet-technology.it\/es\/wp-json\/wp\/v2\/types\/page"}],"author":[{"embeddable":true,"href":"https:\/\/www.skynet-technology.it\/es\/wp-json\/wp\/v2\/users\/1"}],"replies":[{"embeddable":true,"href":"https:\/\/www.skynet-technology.it\/es\/wp-json\/wp\/v2\/comments?post=654"}],"version-history":[{"count":3,"href":"https:\/\/www.skynet-technology.it\/es\/wp-json\/wp\/v2\/pages\/654\/revisions"}],"predecessor-version":[{"id":660,"href":"https:\/\/www.skynet-technology.it\/es\/wp-json\/wp\/v2\/pages\/654\/revisions\/660"}],"wp:attachment":[{"href":"https:\/\/www.skynet-technology.it\/es\/wp-json\/wp\/v2\/media?parent=654"}],"curies":[{"name":"wp","href":"https:\/\/api.w.org\/{rel}","templated":true}]}}