{"id":1162,"date":"2023-09-28T14:22:15","date_gmt":"2023-09-28T14:22:15","guid":{"rendered":"https:\/\/www.skynet-technology.it\/?page_id=1162"},"modified":"2025-11-17T09:40:35","modified_gmt":"2025-11-17T09:40:35","slug":"modele-organisationnel","status":"publish","type":"page","link":"https:\/\/www.skynet-technology.it\/fr\/modele-organisationnel\/","title":{"rendered":"Mod\u00e8le organisationnel"},"content":{"rendered":"\t\t<div data-elementor-type=\"wp-page\" data-elementor-id=\"1162\" class=\"elementor elementor-1162 elementor-1159\">\n\t\t\t\t\t\t<div class=\"elementor-inner\">\n\t\t\t\t<div class=\"elementor-section-wrap\">\n\t\t\t\t\t\t\t\t\t<section class=\"elementor-section elementor-top-section elementor-element elementor-element-9bd770c elementor-section-stretched elementor-section-boxed elementor-section-height-default elementor-section-height-default\" data-id=\"9bd770c\" data-element_type=\"section\" data-settings=\"{&quot;stretch_section&quot;:&quot;section-stretched&quot;}\">\n\t\t\t\t\t\t<div class=\"elementor-container elementor-column-gap-default\">\n\t\t\t\t\t\t\t<div class=\"elementor-row\">\n\t\t\t\t\t<div class=\"elementor-column elementor-col-100 elementor-top-column elementor-element elementor-element-a754787\" data-id=\"a754787\" data-element_type=\"column\">\n\t\t\t<div class=\"elementor-column-wrap\">\n\t\t\t\t\t\t\t<div class=\"elementor-widget-wrap\">\n\t\t\t\t\t\t\t\t<\/div>\n\t\t\t\t\t<\/div>\n\t\t<\/div>\n\t\t\t\t\t\t\t\t<\/div>\n\t\t\t\t\t<\/div>\n\t\t<\/section>\n\t\t\t\t<section class=\"elementor-section elementor-top-section elementor-element elementor-element-944434c elementor-section-stretched elementor-section-height-min-height elementor-section-items-bottom elementor-section-boxed elementor-section-height-default\" data-id=\"944434c\" data-element_type=\"section\" data-settings=\"{&quot;stretch_section&quot;:&quot;section-stretched&quot;,&quot;background_background&quot;:&quot;classic&quot;,&quot;background_motion_fx_motion_fx_scrolling&quot;:&quot;yes&quot;,&quot;background_motion_fx_devices&quot;:[&quot;desktop&quot;,&quot;tablet&quot;,&quot;mobile&quot;]}\">\n\t\t\t\t\t\t\t<div class=\"elementor-background-overlay\"><\/div>\n\t\t\t\t\t\t\t<div class=\"elementor-container elementor-column-gap-default\">\n\t\t\t\t\t\t\t<div class=\"elementor-row\">\n\t\t\t\t\t<div class=\"elementor-column elementor-col-100 elementor-top-column elementor-element elementor-element-c6124ce\" data-id=\"c6124ce\" data-element_type=\"column\">\n\t\t\t<div class=\"elementor-column-wrap elementor-element-populated\">\n\t\t\t\t\t\t\t<div class=\"elementor-widget-wrap\">\n\t\t\t\t\t\t<div class=\"elementor-element elementor-element-bb8f196 elementor-widget elementor-widget-heading\" data-id=\"bb8f196\" data-element_type=\"widget\" data-widget_type=\"heading.default\">\n\t\t\t\t<div class=\"elementor-widget-container\">\n\t\t\t<h1 class=\"elementor-heading-title elementor-size-default\">Mod\u00e8le organisationnel<\/h1>\t\t<\/div>\n\t\t\t\t<\/div>\n\t\t\t\t<div class=\"elementor-element elementor-element-9c6ad79 elementor-align-left elementor-widget elementor-widget-breadcrumbs\" data-id=\"9c6ad79\" data-element_type=\"widget\" data-widget_type=\"breadcrumbs.default\">\n\t\t\t\t<div class=\"elementor-widget-container\">\n\t\t\t<p id=\"breadcrumbs\"><span><span><a href=\"https:\/\/www.skynet-technology.it\/fr\/\">Skynet Technology<\/a><\/span><\/span><\/p>\t\t<\/div>\n\t\t\t\t<\/div>\n\t\t\t\t\t\t<\/div>\n\t\t\t\t\t<\/div>\n\t\t<\/div>\n\t\t\t\t\t\t\t\t<\/div>\n\t\t\t\t\t<\/div>\n\t\t<\/section>\n\t\t\t\t<section class=\"elementor-section elementor-top-section elementor-element elementor-element-241102f elementor-section-stretched elementor-section-boxed elementor-section-height-default elementor-section-height-default\" data-id=\"241102f\" data-element_type=\"section\" data-settings=\"{&quot;stretch_section&quot;:&quot;section-stretched&quot;}\">\n\t\t\t\t\t\t<div class=\"elementor-container elementor-column-gap-default\">\n\t\t\t\t\t\t\t<div class=\"elementor-row\">\n\t\t\t\t\t<div class=\"elementor-column elementor-col-100 elementor-top-column elementor-element elementor-element-8fa73b8\" data-id=\"8fa73b8\" data-element_type=\"column\">\n\t\t\t<div class=\"elementor-column-wrap elementor-element-populated\">\n\t\t\t\t\t\t\t<div class=\"elementor-widget-wrap\">\n\t\t\t\t\t\t<section class=\"elementor-section elementor-inner-section elementor-element elementor-element-8d469fc elementor-section-boxed elementor-section-height-default elementor-section-height-default\" data-id=\"8d469fc\" data-element_type=\"section\">\n\t\t\t\t\t\t<div class=\"elementor-container elementor-column-gap-default\">\n\t\t\t\t\t\t\t<div class=\"elementor-row\">\n\t\t\t\t\t<div class=\"elementor-column elementor-col-50 elementor-inner-column elementor-element elementor-element-bf356fb\" data-id=\"bf356fb\" data-element_type=\"column\">\n\t\t\t<div class=\"elementor-column-wrap elementor-element-populated\">\n\t\t\t\t\t\t\t<div class=\"elementor-widget-wrap\">\n\t\t\t\t\t\t<div class=\"elementor-element elementor-element-26ce302 elementor-widget elementor-widget-heading\" data-id=\"26ce302\" data-element_type=\"widget\" data-widget_type=\"heading.default\">\n\t\t\t\t<div class=\"elementor-widget-container\">\n\t\t\t<h3 class=\"elementor-heading-title elementor-size-default\">Mod\u00e8le organisationnel<\/h3>\t\t<\/div>\n\t\t\t\t<\/div>\n\t\t\t\t<div class=\"elementor-element elementor-element-bb6ab04 elementor-widget elementor-widget-text-editor\" data-id=\"bb6ab04\" data-element_type=\"widget\" data-widget_type=\"text-editor.default\">\n\t\t\t\t<div class=\"elementor-widget-container\">\n\t\t\t\t\t\t\t\t<div class=\"elementor-text-editor elementor-clearfix\">\n\t\t\t\t<a style=\"text-decoration: underline;\" href=\"https:\/\/www.skynet-technology.it\/wp-content\/uploads\/2024\/12\/A0010-Modello-231-sintesi-v.1.0.pdf\" target=\"_blank\" rel=\"noopener\">A0010 \u2013 Mod\u00e8le 231 \u2013 Synth\u00e8se<\/a>\t\t\t\t\t<\/div>\n\t\t\t\t\t\t<\/div>\n\t\t\t\t<\/div>\n\t\t\t\t\t\t<\/div>\n\t\t\t\t\t<\/div>\n\t\t<\/div>\n\t\t\t\t<div class=\"elementor-column elementor-col-50 elementor-inner-column elementor-element elementor-element-fd1646c\" data-id=\"fd1646c\" data-element_type=\"column\">\n\t\t\t<div class=\"elementor-column-wrap elementor-element-populated\">\n\t\t\t\t\t\t\t<div class=\"elementor-widget-wrap\">\n\t\t\t\t\t\t<div class=\"elementor-element elementor-element-f94a977 elementor-widget elementor-widget-heading\" data-id=\"f94a977\" data-element_type=\"widget\" data-widget_type=\"heading.default\">\n\t\t\t\t<div class=\"elementor-widget-container\">\n\t\t\t<h3 class=\"elementor-heading-title elementor-size-default\">Code \u00e9thique<\/h3>\t\t<\/div>\n\t\t\t\t<\/div>\n\t\t\t\t<div class=\"elementor-element elementor-element-173d602 elementor-widget elementor-widget-text-editor\" data-id=\"173d602\" data-element_type=\"widget\" data-widget_type=\"text-editor.default\">\n\t\t\t\t<div class=\"elementor-widget-container\">\n\t\t\t\t\t\t\t\t<div class=\"elementor-text-editor elementor-clearfix\">\n\t\t\t\t<a style=\"text-decoration: underline;\" href=\"https:\/\/www.skynet-technology.it\/wp-content\/uploads\/2024\/12\/A0008-Codice-Etico-v.1.0.pdf\" target=\"_blank\" rel=\"noopener\">A0008 \u2013 Code \u00e9thique<\/a>\t\t\t\t\t<\/div>\n\t\t\t\t\t\t<\/div>\n\t\t\t\t<\/div>\n\t\t\t\t\t\t<\/div>\n\t\t\t\t\t<\/div>\n\t\t<\/div>\n\t\t\t\t\t\t\t\t<\/div>\n\t\t\t\t\t<\/div>\n\t\t<\/section>\n\t\t\t\t<div class=\"elementor-element elementor-element-6052fce elementor-widget elementor-widget-heading\" data-id=\"6052fce\" data-element_type=\"widget\" data-widget_type=\"heading.default\">\n\t\t\t\t<div class=\"elementor-widget-container\">\n\t\t\t<h3 class=\"elementor-heading-title elementor-size-default\">Whistleblowing<\/h3>\t\t<\/div>\n\t\t\t\t<\/div>\n\t\t\t\t<div class=\"elementor-element elementor-element-47e7b77 elementor-widget elementor-widget-text-editor\" data-id=\"47e7b77\" data-element_type=\"widget\" data-widget_type=\"text-editor.default\">\n\t\t\t\t<div class=\"elementor-widget-container\">\n\t\t\t\t\t\t\t\t<div class=\"elementor-text-editor elementor-clearfix\">\n\t\t\t\t<div class=\"elementor-element elementor-element-ece1553 elementor-widget elementor-widget-text-editor\" data-id=\"ece1553\" data-element_type=\"widget\" data-widget_type=\"text-editor.default\">\n<div class=\"elementor-widget-container\">\n<div class=\"elementor-text-editor elementor-clearfix\">\n<p>Skynet Technology s&rsquo;est dot\u00e9e d&rsquo;un syst\u00e8me interne de signalement en conformit\u00e9 avec le D\u00e9cret L\u00e9gislatif n\u00b0 231\/2001 et le D\u00e9cret L\u00e9gislatif n\u00b0 24 du 10 mars 2023, mis en \u0153uvre de la Directive de l&rsquo;UE 2019\/1937 concernant la protection des personnes qui signalent des violations du droit de l&rsquo;Union.<\/p>\n<p>En particulier, conform\u00e9ment aux dispositions du D\u00e9cret, les employ\u00e9s de Skynet Technology et les personnes qui entretiennent diverses relations avec la Soci\u00e9t\u00e9 (notamment, par exemple, les consultants, les fournisseurs de biens et de services, les agents, les entrepreneurs, les partenaires commerciaux, les actionnaires, les stagiaires, les b\u00e9n\u00e9voles) peuvent faire l&rsquo;objet de signalements pour :<\/p>\n<ul>\n<li>Des violations du droit de l&rsquo;Union europ\u00e9enne ;<\/li>\n<li>Des infractions administratives, comptables, civiles ou p\u00e9nales ;<\/li>\n<li>Des comportements illicites pertinents au sens du D\u00e9cret L\u00e9gislatif n\u00b0 231\/2001 ou des violations (y compris pr\u00e9sum\u00e9es) du Mod\u00e8le d&rsquo;Organisation, de Gestion et de Contr\u00f4le de Skynet Technology ;<\/li>\n<li>Des violations du Code \u00c9thique et de Conduite ;<\/li>\n<li>Des violations, pr\u00e9sum\u00e9es ou av\u00e9r\u00e9es, des proc\u00e9dures de Skynet Technology ou, en tout cas, du syst\u00e8me r\u00e9glementaire interne ;<\/li>\n<li>Des violations en mati\u00e8re d&rsquo;Environmental, Social &amp; Governance.<\/li>\n<\/ul>\n<p>Les signalements peuvent \u00eatre effectu\u00e9s via une plateforme d\u00e9di\u00e9e, accessible via le lien suivant <a href=\"https:\/\/whistleblowing.xcall.it\" target=\"_blank\" rel=\"noopener\">whistleblowing.xcall.it<\/a>, qui garantit la confidentialit\u00e9 de l&rsquo;identit\u00e9 du lanceur d&rsquo;alerte et des informations contenues dans le signalement gr\u00e2ce \u00e0 des syst\u00e8mes de cryptage.<\/p>\n<\/div>\n<\/div>\n<\/div>\n\t\t\t\t\t<\/div>\n\t\t\t\t\t\t<\/div>\n\t\t\t\t<\/div>\n\t\t\t\t<div class=\"elementor-element elementor-element-0e19f4c elementor-widget__width-auto elementor-widget elementor-widget-text-editor\" data-id=\"0e19f4c\" data-element_type=\"widget\" data-widget_type=\"text-editor.default\">\n\t\t\t\t<div class=\"elementor-widget-container\">\n\t\t\t\t\t\t\t\t<div class=\"elementor-text-editor elementor-clearfix\">\n\t\t\t\t<a style=\"text-decoration: underline;\" href=\"https:\/\/www.skynet-technology.it\/wp-content\/uploads\/2025\/10\/I0035-Informativa-Whistleblowing64.pdf\" target=\"_blank\" rel=\"noopener\">I0035 &#8211; Avis sur le Whistleblowing<\/a>\t\t\t\t\t<\/div>\n\t\t\t\t\t\t<\/div>\n\t\t\t\t<\/div>\n\t\t\t\t<div class=\"elementor-element elementor-element-54c4aab elementor-widget__width-auto elementor-widget elementor-widget-text-editor\" data-id=\"54c4aab\" data-element_type=\"widget\" data-widget_type=\"text-editor.default\">\n\t\t\t\t<div class=\"elementor-widget-container\">\n\t\t\t\t\t\t\t\t<div class=\"elementor-text-editor elementor-clearfix\">\n\t\t\t\t<p><a style=\"text-decoration: underline;\" href=\"https:\/\/www.skynet-technology.it\/wp-content\/uploads\/2025\/11\/P0078-procedura-whistleblowing.pdf\" target=\"_blank\" rel=\"noopener\">P0078 &#8211; Proc\u00e9dure de Whistleblowing<\/a><\/p>\t\t\t\t\t<\/div>\n\t\t\t\t\t\t<\/div>\n\t\t\t\t<\/div>\n\t\t\t\t<div class=\"elementor-element elementor-element-aa97ba2 elementor-widget__width-inherit elementor-widget elementor-widget-text-editor\" data-id=\"aa97ba2\" data-element_type=\"widget\" data-widget_type=\"text-editor.default\">\n\t\t\t\t<div class=\"elementor-widget-container\">\n\t\t\t\t\t\t\t\t<div class=\"elementor-text-editor elementor-clearfix\">\n\t\t\t\t<a style=\"text-decoration: underline;\" href=\"https:\/\/www.skynet-technology.it\/wp-content\/uploads\/2025\/11\/I0036-Politica-Parita-di-Genere.pdf\" target=\"_blank\" rel=\"noopener\">I0036 &#8211; Politique pour l&rsquo;\u00c9galit\u00e9 des Genres<\/a>\t\t\t\t\t<\/div>\n\t\t\t\t\t\t<\/div>\n\t\t\t\t<\/div>\n\t\t\t\t\t\t<\/div>\n\t\t\t\t\t<\/div>\n\t\t<\/div>\n\t\t\t\t\t\t\t\t<\/div>\n\t\t\t\t\t<\/div>\n\t\t<\/section>\n\t\t\t\t\t\t\t\t\t<\/div>\n\t\t\t<\/div>\n\t\t\t\t\t<\/div>\n\t\t","protected":false},"excerpt":{"rendered":"<p>Mod\u00e8le organisationnel Mod\u00e8le organisationnel A0010 \u2013 Mod\u00e8le 231 \u2013 Synth\u00e8se Code \u00e9thique A0008 \u2013 Code \u00e9thique Whistleblowing Skynet Technology s&rsquo;est dot\u00e9e d&rsquo;un syst\u00e8me interne de signalement en conformit\u00e9 avec le D\u00e9cret L\u00e9gislatif n\u00b0 231\/2001 et le D\u00e9cret L\u00e9gislatif n\u00b0 24 du 10 mars 2023, mis en \u0153uvre de la Directive de l&rsquo;UE 2019\/1937 concernant la &#8230; <a title=\"Mod\u00e8le organisationnel\" class=\"read-more\" href=\"https:\/\/www.skynet-technology.it\/fr\/modele-organisationnel\/\">Read more<span class=\"screen-reader-text\">Mod\u00e8le organisationnel<\/span><\/a><\/p>\n","protected":false},"author":1,"featured_media":0,"parent":0,"menu_order":0,"comment_status":"closed","ping_status":"closed","template":"","meta":[],"yoast_head":"<!-- This site is optimized with the Yoast SEO plugin v21.1 - https:\/\/yoast.com\/wordpress\/plugins\/seo\/ -->\n<title>Mod\u00e8le organisationnel - Skynet Technology<\/title>\n<meta name=\"robots\" content=\"index, follow, max-snippet:-1, max-image-preview:large, max-video-preview:-1\" \/>\n<link rel=\"canonical\" href=\"https:\/\/www.skynet-technology.it\/fr\/modele-organisationnel\/\" \/>\n<meta property=\"og:locale\" content=\"fr_FR\" \/>\n<meta property=\"og:type\" content=\"article\" \/>\n<meta property=\"og:title\" content=\"Mod\u00e8le organisationnel - Skynet Technology\" \/>\n<meta property=\"og:description\" content=\"Mod\u00e8le organisationnel Mod\u00e8le organisationnel A0010 \u2013 Mod\u00e8le 231 \u2013 Synth\u00e8se Code \u00e9thique A0008 \u2013 Code \u00e9thique Whistleblowing Skynet Technology s&rsquo;est dot\u00e9e d&rsquo;un syst\u00e8me interne de signalement en conformit\u00e9 avec le D\u00e9cret L\u00e9gislatif n\u00b0 231\/2001 et le D\u00e9cret L\u00e9gislatif n\u00b0 24 du 10 mars 2023, mis en \u0153uvre de la Directive de l&rsquo;UE 2019\/1937 concernant la ... Read moreMod\u00e8le organisationnel\" \/>\n<meta property=\"og:url\" content=\"https:\/\/www.skynet-technology.it\/fr\/modele-organisationnel\/\" \/>\n<meta property=\"og:site_name\" content=\"Skynet Technology\" \/>\n<meta property=\"article:modified_time\" content=\"2025-11-17T09:40:35+00:00\" \/>\n<meta name=\"twitter:card\" content=\"summary_large_image\" \/>\n<meta name=\"twitter:label1\" content=\"Dur\u00e9e de lecture estim\u00e9e\" \/>\n\t<meta name=\"twitter:data1\" content=\"3 minutes\" \/>\n<script type=\"application\/ld+json\" class=\"yoast-schema-graph\">{\"@context\":\"https:\/\/schema.org\",\"@graph\":[{\"@type\":\"WebPage\",\"@id\":\"https:\/\/www.skynet-technology.it\/fr\/modele-organisationnel\/\",\"url\":\"https:\/\/www.skynet-technology.it\/fr\/modele-organisationnel\/\",\"name\":\"Mod\u00e8le organisationnel - Skynet Technology\",\"isPartOf\":{\"@id\":\"https:\/\/www.skynet-technology.it\/fr\/#website\"},\"datePublished\":\"2023-09-28T14:22:15+00:00\",\"dateModified\":\"2025-11-17T09:40:35+00:00\",\"breadcrumb\":{\"@id\":\"https:\/\/www.skynet-technology.it\/fr\/modele-organisationnel\/#breadcrumb\"},\"inLanguage\":\"fr-FR\",\"potentialAction\":[{\"@type\":\"ReadAction\",\"target\":[\"https:\/\/www.skynet-technology.it\/fr\/modele-organisationnel\/\"]}]},{\"@type\":\"BreadcrumbList\",\"@id\":\"https:\/\/www.skynet-technology.it\/fr\/modele-organisationnel\/#breadcrumb\",\"itemListElement\":[{\"@type\":\"ListItem\",\"position\":1,\"name\":\"Skynet Technology\",\"item\":\"https:\/\/www.skynet-technology.it\/fr\/\"},{\"@type\":\"ListItem\",\"position\":2,\"name\":\"Mod\u00e8le organisationnel\"}]},{\"@type\":\"WebSite\",\"@id\":\"https:\/\/www.skynet-technology.it\/fr\/#website\",\"url\":\"https:\/\/www.skynet-technology.it\/fr\/\",\"name\":\"Skynet Technology\",\"description\":\"Servizi di supporto per le aziende Retail nel mondo Fashion &amp; Luxury\",\"publisher\":{\"@id\":\"https:\/\/www.skynet-technology.it\/fr\/#organization\"},\"potentialAction\":[{\"@type\":\"SearchAction\",\"target\":{\"@type\":\"EntryPoint\",\"urlTemplate\":\"https:\/\/www.skynet-technology.it\/fr\/?s={search_term_string}\"},\"query-input\":\"required name=search_term_string\"}],\"inLanguage\":\"fr-FR\"},{\"@type\":\"Organization\",\"@id\":\"https:\/\/www.skynet-technology.it\/fr\/#organization\",\"name\":\"Skynet Technology\",\"url\":\"https:\/\/www.skynet-technology.it\/fr\/\",\"logo\":{\"@type\":\"ImageObject\",\"inLanguage\":\"fr-FR\",\"@id\":\"https:\/\/www.skynet-technology.it\/fr\/#\/schema\/logo\/image\/\",\"url\":\"https:\/\/www.skynet-technology.it\/wp-content\/uploads\/2019\/11\/logo_skynet.svg\",\"contentUrl\":\"https:\/\/www.skynet-technology.it\/wp-content\/uploads\/2019\/11\/logo_skynet.svg\",\"caption\":\"Skynet Technology\"},\"image\":{\"@id\":\"https:\/\/www.skynet-technology.it\/fr\/#\/schema\/logo\/image\/\"}}]}<\/script>\n<!-- \/ Yoast SEO plugin. -->","yoast_head_json":{"title":"Mod\u00e8le organisationnel - Skynet Technology","robots":{"index":"index","follow":"follow","max-snippet":"max-snippet:-1","max-image-preview":"max-image-preview:large","max-video-preview":"max-video-preview:-1"},"canonical":"https:\/\/www.skynet-technology.it\/fr\/modele-organisationnel\/","og_locale":"fr_FR","og_type":"article","og_title":"Mod\u00e8le organisationnel - Skynet Technology","og_description":"Mod\u00e8le organisationnel Mod\u00e8le organisationnel A0010 \u2013 Mod\u00e8le 231 \u2013 Synth\u00e8se Code \u00e9thique A0008 \u2013 Code \u00e9thique Whistleblowing Skynet Technology s&rsquo;est dot\u00e9e d&rsquo;un syst\u00e8me interne de signalement en conformit\u00e9 avec le D\u00e9cret L\u00e9gislatif n\u00b0 231\/2001 et le D\u00e9cret L\u00e9gislatif n\u00b0 24 du 10 mars 2023, mis en \u0153uvre de la Directive de l&rsquo;UE 2019\/1937 concernant la ... Read moreMod\u00e8le organisationnel","og_url":"https:\/\/www.skynet-technology.it\/fr\/modele-organisationnel\/","og_site_name":"Skynet Technology","article_modified_time":"2025-11-17T09:40:35+00:00","twitter_card":"summary_large_image","twitter_misc":{"Dur\u00e9e de lecture estim\u00e9e":"3 minutes"},"schema":{"@context":"https:\/\/schema.org","@graph":[{"@type":"WebPage","@id":"https:\/\/www.skynet-technology.it\/fr\/modele-organisationnel\/","url":"https:\/\/www.skynet-technology.it\/fr\/modele-organisationnel\/","name":"Mod\u00e8le organisationnel - Skynet Technology","isPartOf":{"@id":"https:\/\/www.skynet-technology.it\/fr\/#website"},"datePublished":"2023-09-28T14:22:15+00:00","dateModified":"2025-11-17T09:40:35+00:00","breadcrumb":{"@id":"https:\/\/www.skynet-technology.it\/fr\/modele-organisationnel\/#breadcrumb"},"inLanguage":"fr-FR","potentialAction":[{"@type":"ReadAction","target":["https:\/\/www.skynet-technology.it\/fr\/modele-organisationnel\/"]}]},{"@type":"BreadcrumbList","@id":"https:\/\/www.skynet-technology.it\/fr\/modele-organisationnel\/#breadcrumb","itemListElement":[{"@type":"ListItem","position":1,"name":"Skynet Technology","item":"https:\/\/www.skynet-technology.it\/fr\/"},{"@type":"ListItem","position":2,"name":"Mod\u00e8le organisationnel"}]},{"@type":"WebSite","@id":"https:\/\/www.skynet-technology.it\/fr\/#website","url":"https:\/\/www.skynet-technology.it\/fr\/","name":"Skynet Technology","description":"Servizi di supporto per le aziende Retail nel mondo Fashion &amp; Luxury","publisher":{"@id":"https:\/\/www.skynet-technology.it\/fr\/#organization"},"potentialAction":[{"@type":"SearchAction","target":{"@type":"EntryPoint","urlTemplate":"https:\/\/www.skynet-technology.it\/fr\/?s={search_term_string}"},"query-input":"required name=search_term_string"}],"inLanguage":"fr-FR"},{"@type":"Organization","@id":"https:\/\/www.skynet-technology.it\/fr\/#organization","name":"Skynet Technology","url":"https:\/\/www.skynet-technology.it\/fr\/","logo":{"@type":"ImageObject","inLanguage":"fr-FR","@id":"https:\/\/www.skynet-technology.it\/fr\/#\/schema\/logo\/image\/","url":"https:\/\/www.skynet-technology.it\/wp-content\/uploads\/2019\/11\/logo_skynet.svg","contentUrl":"https:\/\/www.skynet-technology.it\/wp-content\/uploads\/2019\/11\/logo_skynet.svg","caption":"Skynet Technology"},"image":{"@id":"https:\/\/www.skynet-technology.it\/fr\/#\/schema\/logo\/image\/"}}]}},"_links":{"self":[{"href":"https:\/\/www.skynet-technology.it\/fr\/wp-json\/wp\/v2\/pages\/1162"}],"collection":[{"href":"https:\/\/www.skynet-technology.it\/fr\/wp-json\/wp\/v2\/pages"}],"about":[{"href":"https:\/\/www.skynet-technology.it\/fr\/wp-json\/wp\/v2\/types\/page"}],"author":[{"embeddable":true,"href":"https:\/\/www.skynet-technology.it\/fr\/wp-json\/wp\/v2\/users\/1"}],"replies":[{"embeddable":true,"href":"https:\/\/www.skynet-technology.it\/fr\/wp-json\/wp\/v2\/comments?post=1162"}],"version-history":[{"count":24,"href":"https:\/\/www.skynet-technology.it\/fr\/wp-json\/wp\/v2\/pages\/1162\/revisions"}],"predecessor-version":[{"id":2077,"href":"https:\/\/www.skynet-technology.it\/fr\/wp-json\/wp\/v2\/pages\/1162\/revisions\/2077"}],"wp:attachment":[{"href":"https:\/\/www.skynet-technology.it\/fr\/wp-json\/wp\/v2\/media?parent=1162"}],"curies":[{"name":"wp","href":"https:\/\/api.w.org\/{rel}","templated":true}]}}